{"id":23146,"date":"2026-03-17T10:19:25","date_gmt":"2026-03-17T09:19:25","guid":{"rendered":"https:\/\/novacademia.com\/?post_type=product&#038;p=23146"},"modified":"2026-03-18T09:28:39","modified_gmt":"2026-03-18T08:28:39","slug":"novacademia-excel%c2%b7lencia-pau-50-hores","status":"publish","type":"product","link":"https:\/\/novacademia.com\/es\/producto\/novacademia-excel%c2%b7lencia-pau-50-hores\/","title":{"rendered":"NOVACAD\u00c8MIA EXCEL\u00b7L\u00c8NCIA PAU 50 HORES"},"content":{"rendered":"","protected":false},"excerpt":{"rendered":"<p data-start=\"169\" data-end=\"451\">El pack <em data-start=\"177\" data-end=\"195\">Excel\u00b7l\u00e8ncia PAU<\/em> \u00e9s el programa m\u00e9s complet i exigent de preparaci\u00f3, dissenyat per a alumnes que aspiren a les m\u00e0ximes qualificacions. \u00c9s una preparaci\u00f3 integral que combina domini de continguts, entrenament t\u00e8cnic i estrat\u00e8gia personalitzada per competir al m\u00e0xim nivell.<\/p>\n<p data-start=\"453\" data-end=\"648\">Durant 50 hores, treballar\u00e0s en profunditat totes les mat\u00e8ries necess\u00e0ries amb una metodologia estructurada i orientada a resultats, assegurant que cada detall estigui optimitzat abans de la PAU.<\/p>\n","protected":false},"featured_media":23029,"template":"","meta":{"_joinchat":[]},"product_brand":[],"product_cat":[265],"product_tag":[],"class_list":{"0":"post-23146","1":"product","2":"type-product","3":"status-publish","4":"has-post-thumbnail","6":"product_cat-packs-pau-2026","8":"first","9":"instock","10":"shipping-taxable","11":"purchasable","12":"product-type-simple"},"_links":{"self":[{"href":"https:\/\/novacademia.com\/es\/wp-json\/wp\/v2\/product\/23146","targetHints":{"allow":["GET"]}}],"collection":[{"href":"https:\/\/novacademia.com\/es\/wp-json\/wp\/v2\/product"}],"about":[{"href":"https:\/\/novacademia.com\/es\/wp-json\/wp\/v2\/types\/product"}],"wp:featuredmedia":[{"embeddable":true,"href":"https:\/\/novacademia.com\/es\/wp-json\/wp\/v2\/media\/23029"}],"wp:attachment":[{"href":"https:\/\/novacademia.com\/es\/wp-json\/wp\/v2\/media?parent=23146"}],"wp:term":[{"taxonomy":"product_brand","embeddable":true,"href":"https:\/\/novacademia.com\/es\/wp-json\/wp\/v2\/product_brand?post=23146"},{"taxonomy":"product_cat","embeddable":true,"href":"https:\/\/novacademia.com\/es\/wp-json\/wp\/v2\/product_cat?post=23146"},{"taxonomy":"product_tag","embeddable":true,"href":"https:\/\/novacademia.com\/es\/wp-json\/wp\/v2\/product_tag?post=23146"}],"curies":[{"name":"wp","href":"https:\/\/api.w.org\/{rel}","templated":true}]}}