{"id":23144,"date":"2026-03-17T10:12:23","date_gmt":"2026-03-17T09:12:23","guid":{"rendered":"https:\/\/novacademia.com\/?post_type=product&#038;p=23144"},"modified":"2026-03-18T09:29:57","modified_gmt":"2026-03-18T08:29:57","slug":"novacademia-impuls-pau-2026-15-hores","status":"publish","type":"product","link":"https:\/\/novacademia.com\/es\/producto\/novacademia-impuls-pau-2026-15-hores\/","title":{"rendered":"NOVACAD\u00c8MIA IMPULS PAU 2026 15 HORES"},"content":{"rendered":"","protected":false},"excerpt":{"rendered":"<p data-start=\"110\" data-end=\"416\">El pack <em data-start=\"118\" data-end=\"135\">Impuls PAU 2026<\/em> \u00e9s un sprint estrat\u00e8gic de 15 hores dissenyat per ajudar-te a arribar a la PAU amb seguretat, claredat i una t\u00e8cnica d\u2019examen m\u00e9s s\u00f2lida. Est\u00e0 pensat per a alumnes que necessiten refor\u00e7ar una assignatura concreta o treballar punts espec\u00edfics de manera intensiva abans de l\u2019examen.<\/p>\n<p data-start=\"418\" data-end=\"610\">Durant aquestes 15 hores, treballar\u00e0s de forma focalitzada els continguts prioritaris, resolent dubtes clau i millorant la teva manera d\u2019afrontar la prova amb eines pr\u00e0ctiques i estrat\u00e8giques.<\/p>\n","protected":false},"featured_media":23023,"template":"","meta":{"_joinchat":[]},"product_brand":[],"product_cat":[265],"product_tag":[],"class_list":{"0":"post-23144","1":"product","2":"type-product","3":"status-publish","4":"has-post-thumbnail","6":"product_cat-packs-pau-2026","8":"first","9":"instock","10":"shipping-taxable","11":"purchasable","12":"product-type-simple"},"_links":{"self":[{"href":"https:\/\/novacademia.com\/es\/wp-json\/wp\/v2\/product\/23144","targetHints":{"allow":["GET"]}}],"collection":[{"href":"https:\/\/novacademia.com\/es\/wp-json\/wp\/v2\/product"}],"about":[{"href":"https:\/\/novacademia.com\/es\/wp-json\/wp\/v2\/types\/product"}],"wp:featuredmedia":[{"embeddable":true,"href":"https:\/\/novacademia.com\/es\/wp-json\/wp\/v2\/media\/23023"}],"wp:attachment":[{"href":"https:\/\/novacademia.com\/es\/wp-json\/wp\/v2\/media?parent=23144"}],"wp:term":[{"taxonomy":"product_brand","embeddable":true,"href":"https:\/\/novacademia.com\/es\/wp-json\/wp\/v2\/product_brand?post=23144"},{"taxonomy":"product_cat","embeddable":true,"href":"https:\/\/novacademia.com\/es\/wp-json\/wp\/v2\/product_cat?post=23144"},{"taxonomy":"product_tag","embeddable":true,"href":"https:\/\/novacademia.com\/es\/wp-json\/wp\/v2\/product_tag?post=23144"}],"curies":[{"name":"wp","href":"https:\/\/api.w.org\/{rel}","templated":true}]}}