{"id":22291,"date":"2026-01-28T09:30:11","date_gmt":"2026-01-28T08:30:11","guid":{"rendered":"https:\/\/novacademia.com\/?post_type=product&#038;p=22291"},"modified":"2026-01-28T09:33:12","modified_gmt":"2026-01-28T08:33:12","slug":"reforc-primaria-pack-individual-de-20-hores","status":"publish","type":"product","link":"https:\/\/novacademia.com\/es\/producto\/reforc-primaria-pack-individual-de-20-hores\/","title":{"rendered":"REFOR\u00c7 PRIM\u00c0RIA. Pack Individual de 20 hores"},"content":{"rendered":"","protected":false},"excerpt":{"rendered":"<p>Amb el nostre pack de refor\u00e7 individual de 20 hores\u00a0 per a alumnes de prim\u00e0ria, el teu fill o filla no nom\u00e9s obt\u00e9 un suport personalitzat per als seus estudis, sin\u00f3 tamb\u00e9 apr\u00e8n a posar en pr\u00e0ctica diverses t\u00e8cniques d&#8217;estudi enfocades a cada cicle de prim\u00e0ria, que li permeten obtenir una millor preparaci\u00f3 per al seg\u00fcent cicle.<\/p>\n","protected":false},"featured_media":22292,"template":"","meta":{"_joinchat":[]},"product_brand":[],"product_cat":[197,201],"product_tag":[],"class_list":{"0":"post-22291","1":"product","2":"type-product","3":"status-publish","4":"has-post-thumbnail","6":"product_cat-reforc","7":"product_cat-reforc-per-a-nens","9":"first","10":"instock","11":"shipping-taxable","12":"purchasable","13":"product-type-simple"},"_links":{"self":[{"href":"https:\/\/novacademia.com\/es\/wp-json\/wp\/v2\/product\/22291","targetHints":{"allow":["GET"]}}],"collection":[{"href":"https:\/\/novacademia.com\/es\/wp-json\/wp\/v2\/product"}],"about":[{"href":"https:\/\/novacademia.com\/es\/wp-json\/wp\/v2\/types\/product"}],"wp:featuredmedia":[{"embeddable":true,"href":"https:\/\/novacademia.com\/es\/wp-json\/wp\/v2\/media\/22292"}],"wp:attachment":[{"href":"https:\/\/novacademia.com\/es\/wp-json\/wp\/v2\/media?parent=22291"}],"wp:term":[{"taxonomy":"product_brand","embeddable":true,"href":"https:\/\/novacademia.com\/es\/wp-json\/wp\/v2\/product_brand?post=22291"},{"taxonomy":"product_cat","embeddable":true,"href":"https:\/\/novacademia.com\/es\/wp-json\/wp\/v2\/product_cat?post=22291"},{"taxonomy":"product_tag","embeddable":true,"href":"https:\/\/novacademia.com\/es\/wp-json\/wp\/v2\/product_tag?post=22291"}],"curies":[{"name":"wp","href":"https:\/\/api.w.org\/{rel}","templated":true}]}}