{"id":22270,"date":"2026-01-28T09:17:09","date_gmt":"2026-01-28T08:17:09","guid":{"rendered":"https:\/\/novacademia.com\/?post_type=product&#038;p=22270"},"modified":"2026-01-28T09:22:51","modified_gmt":"2026-01-28T08:22:51","slug":"reforc-cicle-formatiu-pack-15-hores","status":"publish","type":"product","link":"https:\/\/novacademia.com\/es\/producto\/reforc-cicle-formatiu-pack-15-hores\/","title":{"rendered":"REFOR\u00c7 CICLE FORMATIU PACK 15 hores"},"content":{"rendered":"","protected":false},"excerpt":{"rendered":"<p>\u201cFocus total: millora la teva atenci\u00f3 i concentraci\u00f3\u201d Si et distreus f\u00e0cilment o et costa mantenir la concentraci\u00f3 mentre estudies, aquest pack t\u2019ensenyar\u00e0 eines pr\u00e0ctiques per entrenar l\u2019atenci\u00f3, eliminar distractors i potenciar la teva capacitat de treballar de manera eficient i sense interrupcions. Descobreix el nostre pack de refor\u00e7 individual de 15 hores. Amb aquest pack, no nom\u00e9s obtens un suport personalitzat per als teus estudis, sin\u00f3 tamb\u00e9 aprens a posar en pr\u00e0ctica diverses t\u00e8cniques d\u2019estudi.<\/p>\n","protected":false},"featured_media":22274,"template":"","meta":{"_joinchat":[]},"product_brand":[],"product_cat":[197,203],"product_tag":[],"class_list":{"0":"post-22270","1":"product","2":"type-product","3":"status-publish","4":"has-post-thumbnail","6":"product_cat-reforc","7":"product_cat-reforc-per-a-batxillerat","9":"first","10":"instock","11":"shipping-taxable","12":"purchasable","13":"product-type-simple"},"_links":{"self":[{"href":"https:\/\/novacademia.com\/es\/wp-json\/wp\/v2\/product\/22270","targetHints":{"allow":["GET"]}}],"collection":[{"href":"https:\/\/novacademia.com\/es\/wp-json\/wp\/v2\/product"}],"about":[{"href":"https:\/\/novacademia.com\/es\/wp-json\/wp\/v2\/types\/product"}],"wp:featuredmedia":[{"embeddable":true,"href":"https:\/\/novacademia.com\/es\/wp-json\/wp\/v2\/media\/22274"}],"wp:attachment":[{"href":"https:\/\/novacademia.com\/es\/wp-json\/wp\/v2\/media?parent=22270"}],"wp:term":[{"taxonomy":"product_brand","embeddable":true,"href":"https:\/\/novacademia.com\/es\/wp-json\/wp\/v2\/product_brand?post=22270"},{"taxonomy":"product_cat","embeddable":true,"href":"https:\/\/novacademia.com\/es\/wp-json\/wp\/v2\/product_cat?post=22270"},{"taxonomy":"product_tag","embeddable":true,"href":"https:\/\/novacademia.com\/es\/wp-json\/wp\/v2\/product_tag?post=22270"}],"curies":[{"name":"wp","href":"https:\/\/api.w.org\/{rel}","templated":true}]}}