{"id":22205,"date":"2026-01-27T12:11:23","date_gmt":"2026-01-27T11:11:23","guid":{"rendered":"https:\/\/novacademia.com\/?post_type=product&#038;p=22205"},"modified":"2026-01-27T12:35:14","modified_gmt":"2026-01-27T11:35:14","slug":"reforc-secundaria-pack-10-hores","status":"publish","type":"product","link":"https:\/\/novacademia.com\/es\/producto\/reforc-secundaria-pack-10-hores\/","title":{"rendered":"REFOR\u00c7 SECUND\u00c0RIA PACK 10 hores"},"content":{"rendered":"","protected":false},"excerpt":{"rendered":"<p><span class=\"OYPEnA font-feature-liga-off font-feature-clig-off font-feature-calt-off text-decoration-none text-strikethrough-none\">\u201cFocus total: millora la teva atenci\u00f3 i concentraci\u00f3\u201d Si et distreus f\u00e0cilment o et costa mantenir la concentraci\u00f3 mentre estudies, aquest pack t\u2019ensenyar\u00e0 eines pr\u00e0ctiques per entrenar l\u2019atenci\u00f3, eliminar distractors i potenciar la teva capacitat de treballar de manera eficient i sense interrupcions. Amb el nostre pack de refor\u00e7 individual de 10 hores, no nom\u00e9s obtens un suport personalitzat per als teus estudis, sin\u00f3 tamb\u00e9 aprens a posar en pr\u00e0ctica diverses t\u00e8cniques d\u2019estudi.<\/span><\/p>\n","protected":false},"featured_media":22229,"template":"","meta":{"_joinchat":[]},"product_brand":[],"product_cat":[197,202],"product_tag":[],"class_list":{"0":"post-22205","1":"product","2":"type-product","3":"status-publish","4":"has-post-thumbnail","6":"product_cat-reforc","7":"product_cat-reforc-per-a-adolescents","9":"first","10":"instock","11":"shipping-taxable","12":"purchasable","13":"product-type-simple"},"_links":{"self":[{"href":"https:\/\/novacademia.com\/es\/wp-json\/wp\/v2\/product\/22205","targetHints":{"allow":["GET"]}}],"collection":[{"href":"https:\/\/novacademia.com\/es\/wp-json\/wp\/v2\/product"}],"about":[{"href":"https:\/\/novacademia.com\/es\/wp-json\/wp\/v2\/types\/product"}],"wp:featuredmedia":[{"embeddable":true,"href":"https:\/\/novacademia.com\/es\/wp-json\/wp\/v2\/media\/22229"}],"wp:attachment":[{"href":"https:\/\/novacademia.com\/es\/wp-json\/wp\/v2\/media?parent=22205"}],"wp:term":[{"taxonomy":"product_brand","embeddable":true,"href":"https:\/\/novacademia.com\/es\/wp-json\/wp\/v2\/product_brand?post=22205"},{"taxonomy":"product_cat","embeddable":true,"href":"https:\/\/novacademia.com\/es\/wp-json\/wp\/v2\/product_cat?post=22205"},{"taxonomy":"product_tag","embeddable":true,"href":"https:\/\/novacademia.com\/es\/wp-json\/wp\/v2\/product_tag?post=22205"}],"curies":[{"name":"wp","href":"https:\/\/api.w.org\/{rel}","templated":true}]}}