{"id":20489,"date":"2025-06-26T12:02:23","date_gmt":"2025-06-26T10:02:23","guid":{"rendered":"https:\/\/novacademia.com\/?post_type=product&#038;p=20489"},"modified":"2026-01-30T11:45:32","modified_gmt":"2026-01-30T10:45:32","slug":"preschool-english-cursos-25-26-pippa-and-pop-english-una-hora-a-la-setmana","status":"publish","type":"product","link":"https:\/\/novacademia.com\/es\/producto\/preschool-english-cursos-25-26-pippa-and-pop-english-una-hora-a-la-setmana\/","title":{"rendered":"PRESCHOOL ENGLISH. Cursos 25-26.INFANTIL, Pippa and Pop English."},"content":{"rendered":"","protected":false},"excerpt":{"rendered":"<p>Descobreix el nostre curs d&#8217;angl\u00e8s per a nens de 3 a 5 anys: <strong>Pippa and Pop English!<\/strong><\/p>\n<ul>\n<li><span class=\"OYPEnA font-feature-liga-off font-feature-clig-off font-feature-calt-off text-decoration-none text-strikethrough-none\">Classes interactives i immersives.<\/span><\/li>\n<li><span class=\"OYPEnA font-feature-liga-off font-feature-clig-off font-feature-calt-off text-decoration-none text-strikethrough-none\">Aquest curs \u00e9s la combinaci\u00f3 de tres activitats enfocades en el desenvolupament de la creativitat, treball en equip, comunicaci\u00f3 oral en angl\u00e8s, aix\u00ed com la comprensi\u00f3 escrita i oral.<\/span><\/li>\n<li><span class=\"OYPEnA font-feature-liga-off font-feature-clig-off font-feature-calt-off text-decoration-none text-strikethrough-none\">Els alumnes porten al llarg del curs un peluix de casa per a l\u2019activitat <\/span><span class=\"OYPEnA font-feature-liga-off font-feature-clig-off font-feature-calt-off text-decoration-none text-strikethrough-none\">My Pet.<\/span><\/li>\n<\/ul>\n","protected":false},"featured_media":20490,"template":"","meta":{"_joinchat":[]},"product_brand":[],"product_cat":[264],"product_tag":[],"class_list":{"0":"post-20489","1":"product","2":"type-product","3":"status-publish","4":"has-post-thumbnail","6":"product_cat-cursos-dangles-caldes","8":"first","9":"instock","10":"shipping-taxable","11":"purchasable","12":"product-type-simple"},"_links":{"self":[{"href":"https:\/\/novacademia.com\/es\/wp-json\/wp\/v2\/product\/20489","targetHints":{"allow":["GET"]}}],"collection":[{"href":"https:\/\/novacademia.com\/es\/wp-json\/wp\/v2\/product"}],"about":[{"href":"https:\/\/novacademia.com\/es\/wp-json\/wp\/v2\/types\/product"}],"wp:featuredmedia":[{"embeddable":true,"href":"https:\/\/novacademia.com\/es\/wp-json\/wp\/v2\/media\/20490"}],"wp:attachment":[{"href":"https:\/\/novacademia.com\/es\/wp-json\/wp\/v2\/media?parent=20489"}],"wp:term":[{"taxonomy":"product_brand","embeddable":true,"href":"https:\/\/novacademia.com\/es\/wp-json\/wp\/v2\/product_brand?post=20489"},{"taxonomy":"product_cat","embeddable":true,"href":"https:\/\/novacademia.com\/es\/wp-json\/wp\/v2\/product_cat?post=20489"},{"taxonomy":"product_tag","embeddable":true,"href":"https:\/\/novacademia.com\/es\/wp-json\/wp\/v2\/product_tag?post=20489"}],"curies":[{"name":"wp","href":"https:\/\/api.w.org\/{rel}","templated":true}]}}