{"id":19430,"date":"2025-04-25T13:05:23","date_gmt":"2025-04-25T11:05:23","guid":{"rendered":"https:\/\/novacademia.com\/?post_type=product&#038;p=19430"},"modified":"2025-04-30T11:14:39","modified_gmt":"2025-04-30T09:14:39","slug":"matricula-familiar-curs-2024-2025","status":"publish","type":"product","link":"https:\/\/novacademia.com\/es\/producto\/matricula-familiar-curs-2024-2025\/","title":{"rendered":"Matr\u00edcula Familiar Curs 2024-2025"},"content":{"rendered":"","protected":false},"excerpt":{"rendered":"<p>Matr\u00edcula Familiar Curs 24-25. Pagament \u00fanic<\/p>\n<p>V\u00e0lida per a 2 membres de la mateixa familia<\/p>\n","protected":false},"featured_media":19434,"template":"","meta":{"_joinchat":[]},"product_brand":[],"product_cat":[216],"product_tag":[],"class_list":{"0":"post-19430","1":"product","2":"type-product","3":"status-publish","4":"has-post-thumbnail","6":"product_cat-matricules","8":"first","9":"instock","10":"shipping-taxable","11":"purchasable","12":"product-type-simple"},"_links":{"self":[{"href":"https:\/\/novacademia.com\/es\/wp-json\/wp\/v2\/product\/19430","targetHints":{"allow":["GET"]}}],"collection":[{"href":"https:\/\/novacademia.com\/es\/wp-json\/wp\/v2\/product"}],"about":[{"href":"https:\/\/novacademia.com\/es\/wp-json\/wp\/v2\/types\/product"}],"wp:featuredmedia":[{"embeddable":true,"href":"https:\/\/novacademia.com\/es\/wp-json\/wp\/v2\/media\/19434"}],"wp:attachment":[{"href":"https:\/\/novacademia.com\/es\/wp-json\/wp\/v2\/media?parent=19430"}],"wp:term":[{"taxonomy":"product_brand","embeddable":true,"href":"https:\/\/novacademia.com\/es\/wp-json\/wp\/v2\/product_brand?post=19430"},{"taxonomy":"product_cat","embeddable":true,"href":"https:\/\/novacademia.com\/es\/wp-json\/wp\/v2\/product_cat?post=19430"},{"taxonomy":"product_tag","embeddable":true,"href":"https:\/\/novacademia.com\/es\/wp-json\/wp\/v2\/product_tag?post=19430"}],"curies":[{"name":"wp","href":"https:\/\/api.w.org\/{rel}","templated":true}]}}