{"id":19425,"date":"2025-04-25T12:49:25","date_gmt":"2025-04-25T10:49:25","guid":{"rendered":"https:\/\/novacademia.com\/?post_type=product&#038;p=19425"},"modified":"2025-04-25T12:49:25","modified_gmt":"2025-04-25T10:49:25","slug":"matricula-individual-curs-2024-2025","status":"publish","type":"product","link":"https:\/\/novacademia.com\/es\/producto\/matricula-individual-curs-2024-2025\/","title":{"rendered":"Matr\u00edcula Individual  Curs 2024-2025"},"content":{"rendered":"","protected":false},"excerpt":{"rendered":"<p>Matr\u00edcula individual Curs 24-25. Pagament \u00fanic<\/p>\n","protected":false},"featured_media":19427,"template":"","meta":{"_joinchat":[]},"product_brand":[],"product_cat":[216],"product_tag":[],"class_list":{"0":"post-19425","1":"product","2":"type-product","3":"status-publish","4":"has-post-thumbnail","6":"product_cat-matricules","8":"first","9":"instock","10":"shipping-taxable","11":"purchasable","12":"product-type-simple"},"_links":{"self":[{"href":"https:\/\/novacademia.com\/es\/wp-json\/wp\/v2\/product\/19425","targetHints":{"allow":["GET"]}}],"collection":[{"href":"https:\/\/novacademia.com\/es\/wp-json\/wp\/v2\/product"}],"about":[{"href":"https:\/\/novacademia.com\/es\/wp-json\/wp\/v2\/types\/product"}],"wp:featuredmedia":[{"embeddable":true,"href":"https:\/\/novacademia.com\/es\/wp-json\/wp\/v2\/media\/19427"}],"wp:attachment":[{"href":"https:\/\/novacademia.com\/es\/wp-json\/wp\/v2\/media?parent=19425"}],"wp:term":[{"taxonomy":"product_brand","embeddable":true,"href":"https:\/\/novacademia.com\/es\/wp-json\/wp\/v2\/product_brand?post=19425"},{"taxonomy":"product_cat","embeddable":true,"href":"https:\/\/novacademia.com\/es\/wp-json\/wp\/v2\/product_cat?post=19425"},{"taxonomy":"product_tag","embeddable":true,"href":"https:\/\/novacademia.com\/es\/wp-json\/wp\/v2\/product_tag?post=19425"}],"curies":[{"name":"wp","href":"https:\/\/api.w.org\/{rel}","templated":true}]}}