{"id":21487,"date":"2023-09-17T08:05:01","date_gmt":"2023-09-17T06:05:01","guid":{"rendered":"https:\/\/novacademia.com\/a-domicili\/"},"modified":"2025-11-28T12:21:47","modified_gmt":"2025-11-28T11:21:47","slug":"a-domicili","status":"publish","type":"page","link":"https:\/\/novacademia.com\/es\/a-domicili\/","title":{"rendered":"A domicili"},"content":{"rendered":"\t\t<div data-elementor-type=\"wp-page\" data-elementor-id=\"21487\" class=\"elementor elementor-21487 elementor-14736\" data-elementor-post-type=\"page\">\n\t\t\t\t\t\t<section class=\"elementor-section elementor-top-section elementor-element elementor-element-2c5303b elementor-section-content-middle elementor-section-stretched elementor-section-boxed elementor-section-height-default elementor-section-height-default\" data-id=\"2c5303b\" data-element_type=\"section\" data-settings=\"{&quot;stretch_section&quot;:&quot;section-stretched&quot;}\">\n\t\t\t\t\t\t<div class=\"elementor-container elementor-column-gap-default\">\n\t\t\t\t\t<div class=\"elementor-column elementor-col-66 elementor-top-column elementor-element elementor-element-0fb0b1e\" data-id=\"0fb0b1e\" data-element_type=\"column\">\n\t\t\t<div class=\"elementor-widget-wrap elementor-element-populated\">\n\t\t\t\t\t\t<div class=\"elementor-element elementor-element-e46cc48 elementor-widget elementor-widget-text-editor\" data-id=\"e46cc48\" data-element_type=\"widget\" data-widget_type=\"text-editor.default\">\n\t\t\t\t<div class=\"elementor-widget-container\">\n\t\t\t\t\t\t\t\t\t<p>En <strong>NOVACAD\u00c8MIA<\/strong> estamos comprometidos a facilitarte el aprendizaje dondequiera que te encuentres. Con esta finalidad, ponemos a tu disposici\u00f3n la posibilidad de que nuestros profesionales se desplacen hasta tu domicilio si esto se ajusta mejor a tus necesidades y preferencias. Esto significa que puedes disfrutar de nuestras clases de ingl\u00e9s y refuerzo escolar, as\u00ed como aprender las t\u00e9cnicas de estudio que te ser\u00e1n esenciales, sin tener que salir de casa.<\/p>\t\t\t\t\t\t\t\t<\/div>\n\t\t\t\t<\/div>\n\t\t\t\t<div class=\"elementor-element elementor-element-4c8fe38 elementor-widget elementor-widget-text-editor\" data-id=\"4c8fe38\" data-element_type=\"widget\" data-widget_type=\"text-editor.default\">\n\t\t\t\t<div class=\"elementor-widget-container\">\n\t\t\t\t\t\t\t\t\t<p>Adem\u00e1s, queremos asegurar que nuestro servicio llegue a m\u00e1s personas y comunidades. Por eso, estamos presentes tanto en la vibrante ciudad de Barcelona como en la encantadora localidad de Caldes de Montbui. Est\u00e9s donde est\u00e9s, puedes contar con nosotros para proporcionarte la mejor educaci\u00f3n personalizada. Todo lo que tienes que hacer es solicit\u00e1rnoslo y te prepararemos una propuesta adaptada a tus necesidades y objetivos espec\u00edficos. Con <strong>NOVACAD\u00c8MIA<\/strong>, el aprendizaje llega directamente hasta ti.<\/p>\t\t\t\t\t\t\t\t<\/div>\n\t\t\t\t<\/div>\n\t\t\t\t\t<\/div>\n\t\t<\/div>\n\t\t\t\t<div class=\"elementor-column elementor-col-33 elementor-top-column elementor-element elementor-element-f6579d3\" data-id=\"f6579d3\" data-element_type=\"column\">\n\t\t\t<div class=\"elementor-widget-wrap elementor-element-populated\">\n\t\t\t\t\t\t<div class=\"elementor-element elementor-element-5a1e897 elementor-widget elementor-widget-image\" data-id=\"5a1e897\" data-element_type=\"widget\" data-widget_type=\"image.default\">\n\t\t\t\t<div class=\"elementor-widget-container\">\n\t\t\t\t\t\t\t\t\t\t\t\t\t\t\t\t<a href=\"https:\/\/novacademia.com\/wp-content\/uploads\/2024\/02\/WhatsApp-Image-2024-02-07-at-11.36.31.jpeg\" data-elementor-open-lightbox=\"yes\" data-e-action-hash=\"#elementor-action%3Aaction%3Dlightbox%26settings%3DeyJpZCI6MjE1NTUsInVybCI6Imh0dHBzOlwvXC9ub3ZhY2FkZW1pYS5jb21cL3dwLWNvbnRlbnRcL3VwbG9hZHNcLzIwMjRcLzAyXC9XaGF0c0FwcC1JbWFnZS0yMDI0LTAyLTA3LWF0LTExLjM2LjMxLmpwZWcifQ%3D%3D\">\n\t\t\t\t\t\t\t<img fetchpriority=\"high\" decoding=\"async\" width=\"640\" height=\"853\" src=\"https:\/\/novacademia.com\/wp-content\/uploads\/2024\/02\/WhatsApp-Image-2024-02-07-at-11.36.31.jpeg\" class=\"attachment-large size-large wp-image-21555\" alt=\"\" srcset=\"https:\/\/novacademia.com\/wp-content\/uploads\/2024\/02\/WhatsApp-Image-2024-02-07-at-11.36.31.jpeg 768w, https:\/\/novacademia.com\/wp-content\/uploads\/2024\/02\/WhatsApp-Image-2024-02-07-at-11.36.31-225x300.jpeg 225w, https:\/\/novacademia.com\/wp-content\/uploads\/2024\/02\/WhatsApp-Image-2024-02-07-at-11.36.31-600x800.jpeg 600w\" sizes=\"(max-width: 640px) 100vw, 640px\" \/>\t\t\t\t\t\t\t\t<\/a>\n\t\t\t\t\t\t\t\t\t\t\t\t\t\t\t<\/div>\n\t\t\t\t<\/div>\n\t\t\t\t\t<\/div>\n\t\t<\/div>\n\t\t\t\t\t<\/div>\n\t\t<\/section>\n\t\t\t\t<section class=\"elementor-section elementor-top-section elementor-element elementor-element-12c2ef7 elementor-section-stretched elementor-section-boxed elementor-section-height-default elementor-section-height-default\" data-id=\"12c2ef7\" data-element_type=\"section\" data-settings=\"{&quot;stretch_section&quot;:&quot;section-stretched&quot;}\">\n\t\t\t\t\t\t<div class=\"elementor-container elementor-column-gap-default\">\n\t\t\t\t\t<div class=\"elementor-column elementor-col-100 elementor-top-column elementor-element elementor-element-3249955\" data-id=\"3249955\" data-element_type=\"column\">\n\t\t\t<div class=\"elementor-widget-wrap elementor-element-populated\">\n\t\t\t\t\t\t<div class=\"elementor-element elementor-element-97d71f7 elementor-widget elementor-widget-spacer\" data-id=\"97d71f7\" data-element_type=\"widget\" data-widget_type=\"spacer.default\">\n\t\t\t\t<div class=\"elementor-widget-container\">\n\t\t\t\t\t\t\t<div class=\"elementor-spacer\">\n\t\t\t<div class=\"elementor-spacer-inner\"><\/div>\n\t\t<\/div>\n\t\t\t\t\t\t<\/div>\n\t\t\t\t<\/div>\n\t\t\t\t<div class=\"elementor-element elementor-element-5f15da4 elementor-widget elementor-widget-spacer\" data-id=\"5f15da4\" data-element_type=\"widget\" data-widget_type=\"spacer.default\">\n\t\t\t\t<div class=\"elementor-widget-container\">\n\t\t\t\t\t\t\t<div class=\"elementor-spacer\">\n\t\t\t<div class=\"elementor-spacer-inner\"><\/div>\n\t\t<\/div>\n\t\t\t\t\t\t<\/div>\n\t\t\t\t<\/div>\n\t\t\t\t\t<\/div>\n\t\t<\/div>\n\t\t\t\t\t<\/div>\n\t\t<\/section>\n\t\t\t\t<\/div>\n\t\t","protected":false},"excerpt":{"rendered":"<p>En NOVACAD\u00c8MIA estamos comprometidos a facilitarte el aprendizaje dondequiera que te encuentres. Con esta finalidad, ponemos a tu disposici\u00f3n la posibilidad de que nuestros profesionales se desplacen hasta tu domicilio si esto se ajusta mejor a tus necesidades y preferencias. &hellip; <\/p>\n","protected":false},"author":1,"featured_media":0,"parent":0,"menu_order":0,"comment_status":"closed","ping_status":"closed","template":"","meta":{"_joinchat":[],"footnotes":""},"class_list":["post-21487","page","type-page","status-publish","hentry"],"_links":{"self":[{"href":"https:\/\/novacademia.com\/es\/wp-json\/wp\/v2\/pages\/21487","targetHints":{"allow":["GET"]}}],"collection":[{"href":"https:\/\/novacademia.com\/es\/wp-json\/wp\/v2\/pages"}],"about":[{"href":"https:\/\/novacademia.com\/es\/wp-json\/wp\/v2\/types\/page"}],"author":[{"embeddable":true,"href":"https:\/\/novacademia.com\/es\/wp-json\/wp\/v2\/users\/1"}],"replies":[{"embeddable":true,"href":"https:\/\/novacademia.com\/es\/wp-json\/wp\/v2\/comments?post=21487"}],"version-history":[{"count":4,"href":"https:\/\/novacademia.com\/es\/wp-json\/wp\/v2\/pages\/21487\/revisions"}],"predecessor-version":[{"id":21560,"href":"https:\/\/novacademia.com\/es\/wp-json\/wp\/v2\/pages\/21487\/revisions\/21560"}],"wp:attachment":[{"href":"https:\/\/novacademia.com\/es\/wp-json\/wp\/v2\/media?parent=21487"}],"curies":[{"name":"wp","href":"https:\/\/api.w.org\/{rel}","templated":true}]}}