{"id":21471,"date":"2024-03-10T11:15:13","date_gmt":"2024-03-10T10:15:13","guid":{"rendered":"https:\/\/novacademia.com\/la-importancia-de-les-tecniques-destudi\/"},"modified":"2025-12-15T09:49:51","modified_gmt":"2025-12-15T08:49:51","slug":"la-importancia-de-les-tecniques-destudi","status":"publish","type":"page","link":"https:\/\/novacademia.com\/es\/la-importancia-de-les-tecniques-destudi\/","title":{"rendered":"La importancia de las t\u00e9cnicas de estudio"},"content":{"rendered":"\t\t<div data-elementor-type=\"wp-post\" data-elementor-id=\"21471\" class=\"elementor elementor-21471 elementor-16049\" data-elementor-post-type=\"page\">\n\t\t\t\t\t\t<section class=\"elementor-section elementor-top-section elementor-element elementor-element-66e242d elementor-section-content-middle elementor-section-boxed elementor-section-height-default elementor-section-height-default\" data-id=\"66e242d\" data-element_type=\"section\">\n\t\t\t\t\t\t<div class=\"elementor-container elementor-column-gap-default\">\n\t\t\t\t\t<div class=\"elementor-column elementor-col-100 elementor-top-column elementor-element elementor-element-3e5c938\" data-id=\"3e5c938\" data-element_type=\"column\">\n\t\t\t<div class=\"elementor-widget-wrap elementor-element-populated\">\n\t\t\t\t\t\t<div class=\"elementor-element elementor-element-cbb55d7 elementor-widget elementor-widget-text-editor\" data-id=\"cbb55d7\" data-element_type=\"widget\" data-widget_type=\"text-editor.default\">\n\t\t\t\t<div class=\"elementor-widget-container\">\n\t\t\t\t\t\t\t\t\t<p data-start=\"76\" data-end=\"285\">No es ning\u00fan secreto que estudiar no es sencillo. Por eso es vital aprender a hacerlo bien. Una excelente manera de trabajar los problemas de base es aprender a estudiar aplicando diversas t\u00e9cnicas de estudio.<\/p><p data-start=\"287\" data-end=\"765\">Los expertos admiten que, para alcanzar el \u00e9xito en la escuela, es necesario emplear las t\u00e9cnicas de estudio adecuadas y hacerlo de manera regular. Estas influyen directamente en el rendimiento y, sin ellas, puede ser dif\u00edcil evitar el fracaso en alg\u00fan momento de nuestra etapa acad\u00e9mica. Otros aspectos, como las circunstancias de estudio, el m\u00e9todo utilizado, nuestras habilidades e incluso nuestra motivaci\u00f3n y actitud, tambi\u00e9n tienen un impacto en los resultados acad\u00e9micos.<\/p><p data-start=\"767\" data-end=\"1086\">En NOVACAD\u00c8MIA llevamos m\u00e1s de 12 a\u00f1os ense\u00f1ando diferentes t\u00e9cnicas de estudio a nuestros alumnos de refuerzo escolar, adaptadas a cada etapa y edad, pero altamente eficientes tanto en la motivaci\u00f3n y disposici\u00f3n de los alumnos hacia el estudio como en la consecuci\u00f3n de resultados m\u00e1s altos en un plazo corto o medio.<\/p><p data-start=\"1088\" data-end=\"1688\">Las principales t\u00e9cnicas incluyen la lectura, que es nuestro primer contacto con el material. Una vez entendido y le\u00eddo varias veces, pasamos a subrayar. Despu\u00e9s, un resumen: esta t\u00e9cnica asegura nuestra comprensi\u00f3n del material y nos ayudar\u00e1 a responder con mayor confianza durante los ex\u00e1menes. Otra t\u00e9cnica importante es la capacidad de estudio visual, que implica crear representaciones gr\u00e1ficas del contenido. Esto nos permite obtener una visi\u00f3n m\u00e1s r\u00e1pida y clara de lo que hemos le\u00eddo. Y, por supuesto, no descuidamos el aspecto pr\u00e1ctico, ya que en algunas materias la pr\u00e1ctica es fundamental.<\/p><p data-start=\"1690\" data-end=\"2108\">Creemos que la organizaci\u00f3n de tus estudios es esencial, planificando y gestionando el tiempo dedicado a esta tarea. Esto nos aporta grandes beneficios, tanto a nivel personal como acad\u00e9mico. Conocer diferentes m\u00e9todos de estudio y elegir los que mejor se adapten a nuestras necesidades es clave. As\u00ed personalizamos nuestra manera de aprender y ajustamos nuestro enfoque seg\u00fan nuestras propias pr\u00e1cticas y capacidades.<\/p><p data-start=\"2110\" data-end=\"2429\">Adem\u00e1s, las t\u00e9cnicas de estudio se complementan con las Tecnolog\u00edas de la Informaci\u00f3n y la Comunicaci\u00f3n (TIC), ya que son herramientas importantes que debemos saber utilizar para mejorar nuestros estudios. Estas tambi\u00e9n pueden enriquecer nuestro conocimiento y ayudarnos a recopilar informaci\u00f3n de manera m\u00e1s eficiente.<\/p>\t\t\t\t\t\t\t\t<\/div>\n\t\t\t\t<\/div>\n\t\t\t\t\t<\/div>\n\t\t<\/div>\n\t\t\t\t\t<\/div>\n\t\t<\/section>\n\t\t\t\t<\/div>\n\t\t","protected":false},"excerpt":{"rendered":"<p>No es ning\u00fan secreto que estudiar no es sencillo. Por eso es vital aprender a hacerlo bien. Una excelente manera de trabajar los problemas de base es aprender a estudiar aplicando diversas t\u00e9cnicas de estudio. Los expertos admiten que, para &hellip; <\/p>\n","protected":false},"author":1,"featured_media":0,"parent":0,"menu_order":0,"comment_status":"closed","ping_status":"closed","template":"","meta":{"_joinchat":[],"footnotes":""},"class_list":["post-21471","page","type-page","status-publish","hentry"],"_links":{"self":[{"href":"https:\/\/novacademia.com\/es\/wp-json\/wp\/v2\/pages\/21471","targetHints":{"allow":["GET"]}}],"collection":[{"href":"https:\/\/novacademia.com\/es\/wp-json\/wp\/v2\/pages"}],"about":[{"href":"https:\/\/novacademia.com\/es\/wp-json\/wp\/v2\/types\/page"}],"author":[{"embeddable":true,"href":"https:\/\/novacademia.com\/es\/wp-json\/wp\/v2\/users\/1"}],"replies":[{"embeddable":true,"href":"https:\/\/novacademia.com\/es\/wp-json\/wp\/v2\/comments?post=21471"}],"version-history":[{"count":4,"href":"https:\/\/novacademia.com\/es\/wp-json\/wp\/v2\/pages\/21471\/revisions"}],"predecessor-version":[{"id":21670,"href":"https:\/\/novacademia.com\/es\/wp-json\/wp\/v2\/pages\/21471\/revisions\/21670"}],"wp:attachment":[{"href":"https:\/\/novacademia.com\/es\/wp-json\/wp\/v2\/media?parent=21471"}],"curies":[{"name":"wp","href":"https:\/\/api.w.org\/{rel}","templated":true}]}}