{"id":21465,"date":"2024-03-10T11:00:19","date_gmt":"2024-03-10T10:00:19","guid":{"rendered":"https:\/\/novacademia.com\/per-que-novacademia-2\/"},"modified":"2025-12-15T09:48:19","modified_gmt":"2025-12-15T08:48:19","slug":"per-que-novacademia-2","status":"publish","type":"page","link":"https:\/\/novacademia.com\/es\/per-que-novacademia-2\/","title":{"rendered":"\u00bfPor qu\u00e9 NOVACAD\u00c8MIA?"},"content":{"rendered":"\t\t<div data-elementor-type=\"wp-post\" data-elementor-id=\"21465\" class=\"elementor elementor-21465 elementor-16043\" data-elementor-post-type=\"page\">\n\t\t\t\t\t\t<section class=\"elementor-section elementor-top-section elementor-element elementor-element-66e242d elementor-section-content-middle elementor-section-boxed elementor-section-height-default elementor-section-height-default\" data-id=\"66e242d\" data-element_type=\"section\">\n\t\t\t\t\t\t<div class=\"elementor-container elementor-column-gap-default\">\n\t\t\t\t\t<div class=\"elementor-column elementor-col-100 elementor-top-column elementor-element elementor-element-3e5c938\" data-id=\"3e5c938\" data-element_type=\"column\">\n\t\t\t<div class=\"elementor-widget-wrap elementor-element-populated\">\n\t\t\t\t\t\t<div class=\"elementor-element elementor-element-9c3c52e elementor-widget elementor-widget-text-editor\" data-id=\"9c3c52e\" data-element_type=\"widget\" data-widget_type=\"text-editor.default\">\n\t\t\t\t<div class=\"elementor-widget-container\">\n\t\t\t\t\t\t\t\t\t<h3 data-start=\"108\" data-end=\"183\"><strong data-start=\"112\" data-end=\"183\">1. Nuestro Equipo: Pasi\u00f3n y Experiencia al servicio del aprendizaje<\/strong><\/h3>\t\t\t\t\t\t\t\t<\/div>\n\t\t\t\t<\/div>\n\t\t\t\t<div class=\"elementor-element elementor-element-cbb55d7 elementor-widget elementor-widget-text-editor\" data-id=\"cbb55d7\" data-element_type=\"widget\" data-widget_type=\"text-editor.default\">\n\t\t\t\t<div class=\"elementor-widget-container\">\n\t\t\t\t\t\t\t\t\t<p data-start=\"108\" data-end=\"183\">\u00a0Desde 2012, m\u00e1s de 500 alumnos y familias han confiado en nosotros su aprendizaje y mejora acad\u00e9mica. Desde estudiantes de primaria hasta adultos preparando oposiciones.<\/p><p data-start=\"356\" data-end=\"653\">Diversos profesores con experiencia y especializaci\u00f3n en las diferentes materias y niveles se encargan de guiar y acompa\u00f1ar al alumno, con el apoyo de una Direcci\u00f3n Acad\u00e9mica que coordina los recursos y eval\u00faa junto con el profesorado los resultados y la evoluci\u00f3n de cada uno de nuestros alumnos.<\/p><p data-start=\"655\" data-end=\"784\">Disponemos de distintas aulas equipadas con los materiales necesarios para garantizar un estudio c\u00f3modo, concentrado y eficiente.<\/p>\t\t\t\t\t\t\t\t<\/div>\n\t\t\t\t<\/div>\n\t\t\t\t\t<\/div>\n\t\t<\/div>\n\t\t\t\t\t<\/div>\n\t\t<\/section>\n\t\t\t\t<section class=\"elementor-section elementor-top-section elementor-element elementor-element-2730afa elementor-section-content-middle elementor-section-boxed elementor-section-height-default elementor-section-height-default\" data-id=\"2730afa\" data-element_type=\"section\">\n\t\t\t\t\t\t<div class=\"elementor-container elementor-column-gap-default\">\n\t\t\t\t\t<div class=\"elementor-column elementor-col-100 elementor-top-column elementor-element elementor-element-fce93dc\" data-id=\"fce93dc\" data-element_type=\"column\">\n\t\t\t<div class=\"elementor-widget-wrap elementor-element-populated\">\n\t\t\t\t\t\t<div class=\"elementor-element elementor-element-0abbe1a elementor-widget elementor-widget-text-editor\" data-id=\"0abbe1a\" data-element_type=\"widget\" data-widget_type=\"text-editor.default\">\n\t\t\t\t<div class=\"elementor-widget-container\">\n\t\t\t\t\t\t\t\t\t<p data-start=\"871\" data-end=\"974\">\u00a0<\/p><h3 data-start=\"791\" data-end=\"869\"><strong data-start=\"795\" data-end=\"869\">2. Objetivos ambiciosos: no se trata solo de aprobar, sino de aprender<\/strong><\/h3>\t\t\t\t\t\t\t\t<\/div>\n\t\t\t\t<\/div>\n\t\t\t\t<div class=\"elementor-element elementor-element-2163a1a elementor-widget elementor-widget-text-editor\" data-id=\"2163a1a\" data-element_type=\"widget\" data-widget_type=\"text-editor.default\">\n\t\t\t\t<div class=\"elementor-widget-container\">\n\t\t\t\t\t\t\t\t\t<p data-start=\"871\" data-end=\"974\">En <strong>NOVACAD\u00c8MIA<\/strong> nos centramos en alcanzar mucho m\u00e1s que resultados acad\u00e9micos. Con nosotros conseguir\u00e1s:<\/p><ul data-start=\"976\" data-end=\"1654\"><li data-start=\"976\" data-end=\"1144\"><p data-start=\"978\" data-end=\"1144\"><strong data-start=\"978\" data-end=\"1010\">Responsabilidad y Confianza:<\/strong> Fomentamos tu responsabilidad en el estudio y te ayudamos a lograr el nivel de confianza necesario para afrontar cualquier desaf\u00edo.<\/p><\/li><li data-start=\"1145\" data-end=\"1349\"><p data-start=\"1147\" data-end=\"1349\"><strong data-start=\"1147\" data-end=\"1175\">Acompa\u00f1amiento Integral:<\/strong> Ofrecemos un acompa\u00f1amiento end-to-end durante todo el curso, en el d\u00eda a d\u00eda, en los proyectos que tengas que desarrollar, en la preparaci\u00f3n de ex\u00e1menes y presentaciones.<\/p><\/li><li data-start=\"1350\" data-end=\"1468\"><p data-start=\"1352\" data-end=\"1468\"><strong data-start=\"1352\" data-end=\"1376\">Desarrollo Personal:<\/strong> Potenciamos la autoestima, la creatividad y la motivaci\u00f3n, liberando tu m\u00e1ximo potencial.<\/p><\/li><li data-start=\"1469\" data-end=\"1654\"><p data-start=\"1471\" data-end=\"1654\"><strong data-start=\"1471\" data-end=\"1509\">Gesti\u00f3n del Tiempo y Organizaci\u00f3n:<\/strong> Te mostramos c\u00f3mo alcanzar un equilibrio adecuado entre el estudio y otras actividades, adquiriendo habilidades de planificaci\u00f3n y organizaci\u00f3n.<\/p><\/li><\/ul>\t\t\t\t\t\t\t\t<\/div>\n\t\t\t\t<\/div>\n\t\t\t\t\t<\/div>\n\t\t<\/div>\n\t\t\t\t\t<\/div>\n\t\t<\/section>\n\t\t\t\t<section class=\"elementor-section elementor-top-section elementor-element elementor-element-7c13b5f elementor-section-content-middle elementor-section-boxed elementor-section-height-default elementor-section-height-default\" data-id=\"7c13b5f\" data-element_type=\"section\">\n\t\t\t\t\t\t<div class=\"elementor-container elementor-column-gap-default\">\n\t\t\t\t\t<div class=\"elementor-column elementor-col-100 elementor-top-column elementor-element elementor-element-e38f6e7\" data-id=\"e38f6e7\" data-element_type=\"column\">\n\t\t\t<div class=\"elementor-widget-wrap elementor-element-populated\">\n\t\t\t\t\t\t<div class=\"elementor-element elementor-element-850dc43 elementor-widget elementor-widget-text-editor\" data-id=\"850dc43\" data-element_type=\"widget\" data-widget_type=\"text-editor.default\">\n\t\t\t\t<div class=\"elementor-widget-container\">\n\t\t\t\t\t\t\t\t\t<h3 data-start=\"1661\" data-end=\"1687\"><strong data-start=\"1665\" data-end=\"1687\">3. Personalizaci\u00f3n<\/strong><\/h3><p data-start=\"1689\" data-end=\"1837\">\u00a0<\/p>\t\t\t\t\t\t\t\t<\/div>\n\t\t\t\t<\/div>\n\t\t\t\t<div class=\"elementor-element elementor-element-93368de elementor-widget elementor-widget-text-editor\" data-id=\"93368de\" data-element_type=\"widget\" data-widget_type=\"text-editor.default\">\n\t\t\t\t<div class=\"elementor-widget-container\">\n\t\t\t\t\t\t\t\t\t<p data-start=\"1689\" data-end=\"1837\">Analizamos individualmente cada caso, comprendemos las necesidades y dise\u00f1amos un acompa\u00f1amiento que garantice los resultados y objetivos definidos.<\/p>\t\t\t\t\t\t\t\t<\/div>\n\t\t\t\t<\/div>\n\t\t\t\t<div class=\"elementor-element elementor-element-21f23bd elementor-align-start elementor-icon-list--layout-traditional elementor-list-item-link-full_width elementor-widget elementor-widget-icon-list\" data-id=\"21f23bd\" data-element_type=\"widget\" data-widget_type=\"icon-list.default\">\n\t\t\t\t<div class=\"elementor-widget-container\">\n\t\t\t\t\t\t\t<ul class=\"elementor-icon-list-items\">\n\t\t\t\t\t\t\t<li class=\"elementor-icon-list-item\">\n\t\t\t\t\t\t\t\t\t\t\t<span class=\"elementor-icon-list-icon\">\n\t\t\t\t\t\t\t<i aria-hidden=\"true\" class=\"fas fa-arrow-right\"><\/i>\t\t\t\t\t\t<\/span>\n\t\t\t\t\t\t\t\t\t\t<span class=\"elementor-icon-list-text\">Clases particulares personalizadas: clases individuales o en d\u00fao (si ambos alumnos coinciden en nivel, necesidades y materias).<\/span>\n\t\t\t\t\t\t\t\t\t<\/li>\n\t\t\t\t\t\t\t\t<li class=\"elementor-icon-list-item\">\n\t\t\t\t\t\t\t\t\t\t\t<span class=\"elementor-icon-list-icon\">\n\t\t\t\t\t\t\t<i aria-hidden=\"true\" class=\"fas fa-arrow-right\"><\/i>\t\t\t\t\t\t<\/span>\n\t\t\t\t\t\t\t\t\t\t<span class=\"elementor-icon-list-text\">Todas las materias: Cubrimos todas las asignaturas de primaria, secundaria y bachillerato, as\u00ed como una gran cantidad de materias en diversos estudios universitarios. Tambi\u00e9n impartimos clases para preparar oposiciones y pruebas de acceso. Estamos preparados para ayudarte a realizar un cambio radical en tu estudio y en tus resultados.<\/span>\n\t\t\t\t\t\t\t\t\t<\/li>\n\t\t\t\t\t\t\t\t<li class=\"elementor-icon-list-item\">\n\t\t\t\t\t\t\t\t\t\t\t<span class=\"elementor-icon-list-icon\">\n\t\t\t\t\t\t\t<i aria-hidden=\"true\" class=\"fas fa-arrow-right\"><\/i>\t\t\t\t\t\t<\/span>\n\t\t\t\t\t\t\t\t\t\t<span class=\"elementor-icon-list-text\">3 modalidades de servicio: Comodidad y conveniencia a tu alcance. Clases en nuestros centros de formaci\u00f3n, a domicilio y online. Adem\u00e1s, puedes combinarlas seg\u00fan tus necesidades.<\/span>\n\t\t\t\t\t\t\t\t\t<\/li>\n\t\t\t\t\t\t\t\t<li class=\"elementor-icon-list-item\">\n\t\t\t\t\t\t\t\t\t\t\t<span class=\"elementor-icon-list-icon\">\n\t\t\t\t\t\t\t<i aria-hidden=\"true\" class=\"fas fa-arrow-right\"><\/i>\t\t\t\t\t\t<\/span>\n\t\t\t\t\t\t\t\t\t\t<span class=\"elementor-icon-list-text\">Coordinaci\u00f3n con centros escolares: Nuestra Coordinaci\u00f3n Pedag\u00f3gica contacta con el centro educativo de tu hijo o hija para coordinar cualquier acci\u00f3n que contribuya al refuerzo del alumno y para conocer el feedback de profesores o tutores respecto a sus necesidades.<\/span>\n\t\t\t\t\t\t\t\t\t<\/li>\n\t\t\t\t\t\t\t\t<li class=\"elementor-icon-list-item\">\n\t\t\t\t\t\t\t\t\t\t\t<span class=\"elementor-icon-list-icon\">\n\t\t\t\t\t\t\t<i aria-hidden=\"true\" class=\"fas fa-arrow-right\"><\/i>\t\t\t\t\t\t<\/span>\n\t\t\t\t\t\t\t\t\t\t<span class=\"elementor-icon-list-text\">Informe trimestral personalizado: Te enviamos cada trimestre un informe de evoluci\u00f3n de 10 competencias clave relacionadas con el estudio y el refuerzo. El documento permite comparar los resultados entre trimestres y decidir las medidas a tomar seg\u00fan la evoluci\u00f3n.<\/span>\n\t\t\t\t\t\t\t\t\t<\/li>\n\t\t\t\t\t\t<\/ul>\n\t\t\t\t\t\t<\/div>\n\t\t\t\t<\/div>\n\t\t\t\t\t<\/div>\n\t\t<\/div>\n\t\t\t\t\t<\/div>\n\t\t<\/section>\n\t\t\t\t<section class=\"elementor-section elementor-top-section elementor-element elementor-element-eab5fc1 elementor-section-content-middle elementor-section-boxed elementor-section-height-default elementor-section-height-default\" data-id=\"eab5fc1\" data-element_type=\"section\">\n\t\t\t\t\t\t<div class=\"elementor-container elementor-column-gap-default\">\n\t\t\t\t\t<div class=\"elementor-column elementor-col-100 elementor-top-column elementor-element elementor-element-1e8fbfb\" data-id=\"1e8fbfb\" data-element_type=\"column\">\n\t\t\t<div class=\"elementor-widget-wrap elementor-element-populated\">\n\t\t\t\t\t\t<div class=\"elementor-element elementor-element-b0619c8 elementor-widget elementor-widget-text-editor\" data-id=\"b0619c8\" data-element_type=\"widget\" data-widget_type=\"text-editor.default\">\n\t\t\t\t<div class=\"elementor-widget-container\">\n\t\t\t\t\t\t\t\t\t<h3 data-start=\"3060\" data-end=\"3101\"><strong data-start=\"3064\" data-end=\"3101\">4. Refuerzo experto y profesional<\/strong><\/h3><p data-start=\"3103\" data-end=\"3259\">\u00a0<\/p>\t\t\t\t\t\t\t\t<\/div>\n\t\t\t\t<\/div>\n\t\t\t\t<div class=\"elementor-element elementor-element-2d930b0 elementor-widget elementor-widget-text-editor\" data-id=\"2d930b0\" data-element_type=\"widget\" data-widget_type=\"text-editor.default\">\n\t\t\t\t<div class=\"elementor-widget-container\">\n\t\t\t\t\t\t\t\t\t<p data-start=\"3103\" data-end=\"3259\">Solo mediante una estrategia formativa como la que hemos descrito es posible alcanzar resultados de mejora escolar superiores al 98% en los \u00faltimos 10 a\u00f1os.<\/p><p data-start=\"3261\" data-end=\"3581\">Las familias y alumnos que conf\u00edan su refuerzo escolar a Novacad\u00e8mia saben que dispondr\u00e1n no solo de un profesor cualificado, sino tambi\u00e9n de los recursos y herramientas de una empresa especializada, con una experiencia demostrable y evidente tanto en los resultados como en la satisfacci\u00f3n de un gran n\u00famero de alumnos.<\/p><p data-start=\"3583\" data-end=\"3697\">Puedes consultar las opiniones de otras familias y alumnos sobre su experiencia en nuestras <a href=\"https:\/\/www.google.com\/search?client=safari&amp;sa=X&amp;sca_esv=ca099d9a36fc4ee2&amp;sca_upv=1&amp;rls=en&amp;tbm=lcl&amp;sxsrf=ACQVn09QjAv9SRji4QgHLMt3SfejWtnZQA:1708516930071&amp;q=NOVACAD%C3%88MIA+SCHOOL+Ressenyes&amp;rflfq=1&amp;num=20&amp;stick=H4sIAAAAAAAAAONgkxIxNDMxszQ0MjMxMTA0MjA1MjY0N97AyPiKUdbPP8zR2dHlcIevp6NCsLOHv7-PQlBqcXFqXmVq8SJW_PIAe-Iwr1sAAAA&amp;rldimm=16469126440120523173&amp;hl=ca-ES&amp;ved=2ahUKEwj4otbFsbyEAxUhVaQEHVQjBFkQ9fQKegQIGRAF&amp;biw=1047&amp;bih=954&amp;dpr=2#lkt=LocalPoiReviews\" target=\"_blank\" rel=\"noopener\"><strong><span style=\"text-decoration: underline;\">Google Reviews<\/span><\/strong><\/a>.<\/p>\t\t\t\t\t\t\t\t<\/div>\n\t\t\t\t<\/div>\n\t\t\t\t\t<\/div>\n\t\t<\/div>\n\t\t\t\t\t<\/div>\n\t\t<\/section>\n\t\t\t\t<\/div>\n\t\t","protected":false},"excerpt":{"rendered":"<p>1. Nuestro Equipo: Pasi\u00f3n y Experiencia al servicio del aprendizaje \u00a0Desde 2012, m\u00e1s de 500 alumnos y familias han confiado en nosotros su aprendizaje y mejora acad\u00e9mica. Desde estudiantes de primaria hasta adultos preparando oposiciones. Diversos profesores con experiencia y &hellip; <\/p>\n","protected":false},"author":1,"featured_media":0,"parent":0,"menu_order":0,"comment_status":"closed","ping_status":"closed","template":"","meta":{"_joinchat":[],"footnotes":""},"class_list":["post-21465","page","type-page","status-publish","hentry"],"_links":{"self":[{"href":"https:\/\/novacademia.com\/es\/wp-json\/wp\/v2\/pages\/21465","targetHints":{"allow":["GET"]}}],"collection":[{"href":"https:\/\/novacademia.com\/es\/wp-json\/wp\/v2\/pages"}],"about":[{"href":"https:\/\/novacademia.com\/es\/wp-json\/wp\/v2\/types\/page"}],"author":[{"embeddable":true,"href":"https:\/\/novacademia.com\/es\/wp-json\/wp\/v2\/users\/1"}],"replies":[{"embeddable":true,"href":"https:\/\/novacademia.com\/es\/wp-json\/wp\/v2\/comments?post=21465"}],"version-history":[{"count":4,"href":"https:\/\/novacademia.com\/es\/wp-json\/wp\/v2\/pages\/21465\/revisions"}],"predecessor-version":[{"id":21668,"href":"https:\/\/novacademia.com\/es\/wp-json\/wp\/v2\/pages\/21465\/revisions\/21668"}],"wp:attachment":[{"href":"https:\/\/novacademia.com\/es\/wp-json\/wp\/v2\/media?parent=21465"}],"curies":[{"name":"wp","href":"https:\/\/api.w.org\/{rel}","templated":true}]}}