{"id":21460,"date":"2024-03-10T10:53:40","date_gmt":"2024-03-10T09:53:40","guid":{"rendered":"https:\/\/novacademia.com\/model-dinforme-de-seguiment\/"},"modified":"2026-02-05T12:41:31","modified_gmt":"2026-02-05T11:41:31","slug":"model-dinforme-de-seguiment","status":"publish","type":"page","link":"https:\/\/novacademia.com\/es\/model-dinforme-de-seguiment\/","title":{"rendered":"Modelo de informe de seguimiento"},"content":{"rendered":"\t\t<div data-elementor-type=\"wp-post\" data-elementor-id=\"21460\" class=\"elementor elementor-21460 elementor-16031\" data-elementor-post-type=\"page\">\n\t\t\t\t\t\t<section class=\"elementor-section elementor-top-section elementor-element elementor-element-66e242d elementor-section-content-middle elementor-section-boxed elementor-section-height-default elementor-section-height-default\" data-id=\"66e242d\" data-element_type=\"section\">\n\t\t\t\t\t\t<div class=\"elementor-container elementor-column-gap-default\">\n\t\t\t\t\t<div class=\"elementor-column elementor-col-100 elementor-top-column elementor-element elementor-element-3e5c938\" data-id=\"3e5c938\" data-element_type=\"column\">\n\t\t\t<div class=\"elementor-widget-wrap elementor-element-populated\">\n\t\t\t\t\t\t<div class=\"elementor-element elementor-element-9c3c52e elementor-widget elementor-widget-text-editor\" data-id=\"9c3c52e\" data-element_type=\"widget\" data-widget_type=\"text-editor.default\">\n\t\t\t\t<div class=\"elementor-widget-container\">\n\t\t\t\t\t\t\t\t\t<p data-start=\"75\" data-end=\"299\">Nuestros profesores elaboran cada trimestre un informe personalizado que analiza el rendimiento y la evoluci\u00f3n de 10 indicadores relacionados directamente con el refuerzo que el alumno ha recibido a lo largo de este per\u00edodo.<\/p><p data-start=\"301\" data-end=\"650\">Este informe competencial se env\u00eda a las familias, las cuales, si lo desean, pueden solicitar una tutor\u00eda con nosotros para comentar los resultados o exponer cualquier duda. Los indicadores miden el nivel de logro del alumno para cada competencia analizada, en total 10. Las familias ven la evoluci\u00f3n a lo largo del curso dentro del mismo documento.<\/p><p data-start=\"652\" data-end=\"728\">A continuaci\u00f3n, se adjunta un ejemplo de la plantilla utilizada actualmente:<\/p>\t\t\t\t\t\t\t\t<\/div>\n\t\t\t\t<\/div>\n\t\t\t\t\t<\/div>\n\t\t<\/div>\n\t\t\t\t\t<\/div>\n\t\t<\/section>\n\t\t\t\t<section class=\"elementor-section elementor-top-section elementor-element elementor-element-a6ed5b5 elementor-section-boxed elementor-section-height-default elementor-section-height-default\" data-id=\"a6ed5b5\" data-element_type=\"section\">\n\t\t\t\t\t\t<div class=\"elementor-container elementor-column-gap-default\">\n\t\t\t\t\t<div class=\"elementor-column elementor-col-100 elementor-top-column elementor-element elementor-element-ef9c476\" data-id=\"ef9c476\" data-element_type=\"column\">\n\t\t\t<div class=\"elementor-widget-wrap elementor-element-populated\">\n\t\t\t\t\t\t<div class=\"elementor-element elementor-element-3f05fc7 elementor-widget elementor-widget-image\" data-id=\"3f05fc7\" data-element_type=\"widget\" data-widget_type=\"image.default\">\n\t\t\t\t<div class=\"elementor-widget-container\">\n\t\t\t\t\t\t\t\t\t\t\t\t\t\t\t<img fetchpriority=\"high\" decoding=\"async\" width=\"640\" height=\"906\" src=\"https:\/\/novacademia.com\/wp-content\/uploads\/2026\/02\/Template-Report-Card.pptx-723x1024.png\" class=\"attachment-large size-large wp-image-22833\" alt=\"\" srcset=\"https:\/\/novacademia.com\/wp-content\/uploads\/2026\/02\/Template-Report-Card.pptx-723x1024.png 723w, https:\/\/novacademia.com\/wp-content\/uploads\/2026\/02\/Template-Report-Card.pptx-212x300.png 212w, https:\/\/novacademia.com\/wp-content\/uploads\/2026\/02\/Template-Report-Card.pptx-768x1088.png 768w, https:\/\/novacademia.com\/wp-content\/uploads\/2026\/02\/Template-Report-Card.pptx-600x850.png 600w, https:\/\/novacademia.com\/wp-content\/uploads\/2026\/02\/Template-Report-Card.pptx.png 792w\" sizes=\"(max-width: 640px) 100vw, 640px\" \/>\t\t\t\t\t\t\t\t\t\t\t\t\t\t\t<\/div>\n\t\t\t\t<\/div>\n\t\t\t\t\t<\/div>\n\t\t<\/div>\n\t\t\t\t\t<\/div>\n\t\t<\/section>\n\t\t\t\t<\/div>\n\t\t","protected":false},"excerpt":{"rendered":"<p>Nuestros profesores elaboran cada trimestre un informe personalizado que analiza el rendimiento y la evoluci\u00f3n de 10 indicadores relacionados directamente con el refuerzo que el alumno ha recibido a lo largo de este per\u00edodo. Este informe competencial se env\u00eda a &hellip; <\/p>\n","protected":false},"author":1,"featured_media":0,"parent":0,"menu_order":0,"comment_status":"closed","ping_status":"closed","template":"","meta":{"_joinchat":[],"footnotes":""},"class_list":["post-21460","page","type-page","status-publish","hentry"],"_links":{"self":[{"href":"https:\/\/novacademia.com\/es\/wp-json\/wp\/v2\/pages\/21460","targetHints":{"allow":["GET"]}}],"collection":[{"href":"https:\/\/novacademia.com\/es\/wp-json\/wp\/v2\/pages"}],"about":[{"href":"https:\/\/novacademia.com\/es\/wp-json\/wp\/v2\/types\/page"}],"author":[{"embeddable":true,"href":"https:\/\/novacademia.com\/es\/wp-json\/wp\/v2\/users\/1"}],"replies":[{"embeddable":true,"href":"https:\/\/novacademia.com\/es\/wp-json\/wp\/v2\/comments?post=21460"}],"version-history":[{"count":7,"href":"https:\/\/novacademia.com\/es\/wp-json\/wp\/v2\/pages\/21460\/revisions"}],"predecessor-version":[{"id":22838,"href":"https:\/\/novacademia.com\/es\/wp-json\/wp\/v2\/pages\/21460\/revisions\/22838"}],"wp:attachment":[{"href":"https:\/\/novacademia.com\/es\/wp-json\/wp\/v2\/media?parent=21460"}],"curies":[{"name":"wp","href":"https:\/\/api.w.org\/{rel}","templated":true}]}}