{"id":21413,"date":"2019-07-12T17:45:10","date_gmt":"2019-07-12T15:45:10","guid":{"rendered":"https:\/\/novacademia.com\/formacio-bonificada\/"},"modified":"2025-12-15T09:59:35","modified_gmt":"2025-12-15T08:59:35","slug":"formacio-bonificada","status":"publish","type":"page","link":"https:\/\/novacademia.com\/es\/formacio-bonificada\/","title":{"rendered":"FORMACI\u00d3N BONIFICADA"},"content":{"rendered":"\t\t<div data-elementor-type=\"wp-page\" data-elementor-id=\"21413\" class=\"elementor elementor-21413 elementor-9183\" data-elementor-post-type=\"page\">\n\t\t\t\t\t\t<section class=\"elementor-section elementor-top-section elementor-element elementor-element-aa1092d elementor-section-stretched elementor-section-boxed elementor-section-height-default elementor-section-height-default\" data-id=\"aa1092d\" data-element_type=\"section\" data-settings=\"{&quot;stretch_section&quot;:&quot;section-stretched&quot;}\">\n\t\t\t\t\t\t<div class=\"elementor-container elementor-column-gap-default\">\n\t\t\t\t\t<div class=\"elementor-column elementor-col-100 elementor-top-column elementor-element elementor-element-964cff7\" data-id=\"964cff7\" data-element_type=\"column\">\n\t\t\t<div class=\"elementor-widget-wrap elementor-element-populated\">\n\t\t\t\t\t\t<div class=\"elementor-element elementor-element-056096e elementor-widget elementor-widget-heading\" data-id=\"056096e\" data-element_type=\"widget\" data-widget_type=\"heading.default\">\n\t\t\t\t<div class=\"elementor-widget-container\">\n\t\t\t\t\t<h2 class=\"elementor-heading-title elementor-size-default\">Beneficios de la formaci\u00f3n bonificada para empresas<\/h2>\t\t\t\t<\/div>\n\t\t\t\t<\/div>\n\t\t\t\t<div class=\"elementor-element elementor-element-1d40e9e elementor-widget elementor-widget-text-editor\" data-id=\"1d40e9e\" data-element_type=\"widget\" data-widget_type=\"text-editor.default\">\n\t\t\t\t<div class=\"elementor-widget-container\">\n\t\t\t\t\t\t\t\t\t<p data-start=\"140\" data-end=\"324\"><br data-start=\"191\" data-end=\"194\" \/>La formaci\u00f3n bonificada es aquella que las empresas pueden compensar a trav\u00e9s de las cotizaciones mensuales a la Seguridad Social.<\/p><p data-start=\"326\" data-end=\"605\">Los fondos que financian este sistema provienen de la recaudaci\u00f3n de la cuota de formaci\u00f3n profesional que realiza la Seguridad Social, de las ayudas del Fondo Social Europeo y de las aportaciones espec\u00edficas establecidas en el presupuesto del Servicio P\u00fablico de Empleo Estatal.<\/p><p data-start=\"607\" data-end=\"715\">El organismo regulador de la Formaci\u00f3n Bonificada es la Fundaci\u00f3n Tripartita para la Formaci\u00f3n en el Empleo.<\/p><p data-start=\"717\" data-end=\"865\" data-is-last-node=\"\" data-is-only-node=\"\"><strong data-start=\"717\" data-end=\"755\">NOVACAD\u00c8MIA Serveis Formatius S.L.<\/strong> es Entidad Organizadora de Formaci\u00f3n Bonificada y est\u00e1 autorizada como tal por la misma Fundaci\u00f3n Tripartita.<\/p>\t\t\t\t\t\t\t\t<\/div>\n\t\t\t\t<\/div>\n\t\t\t\t<div class=\"elementor-element elementor-element-c93f063 elementor-widget elementor-widget-spacer\" data-id=\"c93f063\" data-element_type=\"widget\" data-widget_type=\"spacer.default\">\n\t\t\t\t<div class=\"elementor-widget-container\">\n\t\t\t\t\t\t\t<div class=\"elementor-spacer\">\n\t\t\t<div class=\"elementor-spacer-inner\"><\/div>\n\t\t<\/div>\n\t\t\t\t\t\t<\/div>\n\t\t\t\t<\/div>\n\t\t\t\t\t<\/div>\n\t\t<\/div>\n\t\t\t\t\t<\/div>\n\t\t<\/section>\n\t\t\t\t<section class=\"elementor-section elementor-top-section elementor-element elementor-element-cd1df1c elementor-section-stretched elementor-section-boxed elementor-section-height-default elementor-section-height-default\" data-id=\"cd1df1c\" data-element_type=\"section\" data-settings=\"{&quot;stretch_section&quot;:&quot;section-stretched&quot;}\">\n\t\t\t\t\t\t<div class=\"elementor-container elementor-column-gap-default\">\n\t\t\t\t\t<div class=\"elementor-column elementor-col-50 elementor-top-column elementor-element elementor-element-16fe72e\" data-id=\"16fe72e\" data-element_type=\"column\">\n\t\t\t<div class=\"elementor-widget-wrap elementor-element-populated\">\n\t\t\t\t\t\t<div class=\"elementor-element elementor-element-da93167 elementor-widget elementor-widget-text-editor\" data-id=\"da93167\" data-element_type=\"widget\" data-widget_type=\"text-editor.default\">\n\t\t\t\t<div class=\"elementor-widget-container\">\n\t\t\t\t\t\t\t\t\t<p>Los beneficios de la Formaci\u00f3n Bonificada son:<\/p>\t\t\t\t\t\t\t\t<\/div>\n\t\t\t\t<\/div>\n\t\t\t\t<div class=\"elementor-element elementor-element-10c3b99 elementor-icon-list--layout-traditional elementor-list-item-link-full_width elementor-widget elementor-widget-icon-list\" data-id=\"10c3b99\" data-element_type=\"widget\" data-widget_type=\"icon-list.default\">\n\t\t\t\t<div class=\"elementor-widget-container\">\n\t\t\t\t\t\t\t<ul class=\"elementor-icon-list-items\">\n\t\t\t\t\t\t\t<li class=\"elementor-icon-list-item\">\n\t\t\t\t\t\t\t\t\t\t\t<span class=\"elementor-icon-list-icon\">\n\t\t\t\t\t\t\t<i aria-hidden=\"true\" class=\"fas fa-dot-circle\"><\/i>\t\t\t\t\t\t<\/span>\n\t\t\t\t\t\t\t\t\t\t<span class=\"elementor-icon-list-text\">Personalizaci\u00f3n de las acciones formativas de acuerdo con el negocio y la estrategia de cada empresa<\/span>\n\t\t\t\t\t\t\t\t\t<\/li>\n\t\t\t\t\t\t\t\t<li class=\"elementor-icon-list-item\">\n\t\t\t\t\t\t\t\t\t\t\t<span class=\"elementor-icon-list-icon\">\n\t\t\t\t\t\t\t<i aria-hidden=\"true\" class=\"fas fa-dot-circle\"><\/i>\t\t\t\t\t\t<\/span>\n\t\t\t\t\t\t\t\t\t\t<span class=\"elementor-icon-list-text\">Adecuaci\u00f3n de los calendarios y la duraci\u00f3n de la formaci\u00f3n seg\u00fan las necesidades de la empresa<\/span>\n\t\t\t\t\t\t\t\t\t<\/li>\n\t\t\t\t\t\t\t\t<li class=\"elementor-icon-list-item\">\n\t\t\t\t\t\t\t\t\t\t\t<span class=\"elementor-icon-list-icon\">\n\t\t\t\t\t\t\t<i aria-hidden=\"true\" class=\"fas fa-dot-circle\"><\/i>\t\t\t\t\t\t<\/span>\n\t\t\t\t\t\t\t\t\t\t<span class=\"elementor-icon-list-text\">Accesible para todas las empresas, desde microempresas hasta grandes multinacionales<\/span>\n\t\t\t\t\t\t\t\t\t<\/li>\n\t\t\t\t\t\t\t\t<li class=\"elementor-icon-list-item\">\n\t\t\t\t\t\t\t\t\t\t\t<span class=\"elementor-icon-list-icon\">\n\t\t\t\t\t\t\t<i aria-hidden=\"true\" class=\"fas fa-dot-circle\"><\/i>\t\t\t\t\t\t<\/span>\n\t\t\t\t\t\t\t\t\t\t<span class=\"elementor-icon-list-text\">Bonificaci\u00f3n total o parcial en funci\u00f3n del n\u00famero de empleados<\/span>\n\t\t\t\t\t\t\t\t\t<\/li>\n\t\t\t\t\t\t\t\t<li class=\"elementor-icon-list-item\">\n\t\t\t\t\t\t\t\t\t\t\t<span class=\"elementor-icon-list-icon\">\n\t\t\t\t\t\t\t<i aria-hidden=\"true\" class=\"fas fa-dot-circle\"><\/i>\t\t\t\t\t\t<\/span>\n\t\t\t\t\t\t\t\t\t\t<span class=\"elementor-icon-list-text\">Gesti\u00f3n administrativa sencilla y deducible directamente por la empresa<\/span>\n\t\t\t\t\t\t\t\t\t<\/li>\n\t\t\t\t\t\t<\/ul>\n\t\t\t\t\t\t<\/div>\n\t\t\t\t<\/div>\n\t\t\t\t\t<\/div>\n\t\t<\/div>\n\t\t\t\t<div class=\"elementor-column elementor-col-50 elementor-top-column elementor-element elementor-element-4d90345\" data-id=\"4d90345\" data-element_type=\"column\">\n\t\t\t<div class=\"elementor-widget-wrap elementor-element-populated\">\n\t\t\t\t\t\t<div class=\"elementor-element elementor-element-9b917b1 elementor-widget elementor-widget-text-editor\" data-id=\"9b917b1\" data-element_type=\"widget\" data-widget_type=\"text-editor.default\">\n\t\t\t\t<div class=\"elementor-widget-container\">\n\t\t\t\t\t\t\t\t\t<p>Los \u00fanicos requisitos para optar a la Formaci\u00f3n Bonificada son:<\/p>\t\t\t\t\t\t\t\t<\/div>\n\t\t\t\t<\/div>\n\t\t\t\t<div class=\"elementor-element elementor-element-7dd5a81 elementor-icon-list--layout-traditional elementor-list-item-link-full_width elementor-widget elementor-widget-icon-list\" data-id=\"7dd5a81\" data-element_type=\"widget\" data-widget_type=\"icon-list.default\">\n\t\t\t\t<div class=\"elementor-widget-container\">\n\t\t\t\t\t\t\t<ul class=\"elementor-icon-list-items\">\n\t\t\t\t\t\t\t<li class=\"elementor-icon-list-item\">\n\t\t\t\t\t\t\t\t\t\t\t<span class=\"elementor-icon-list-icon\">\n\t\t\t\t\t\t\t<i aria-hidden=\"true\" class=\"fas fa-dot-circle\"><\/i>\t\t\t\t\t\t<\/span>\n\t\t\t\t\t\t\t\t\t\t<span class=\"elementor-icon-list-text\">Tener un centro de trabajo establecido en Espa\u00f1a<\/span>\n\t\t\t\t\t\t\t\t\t<\/li>\n\t\t\t\t\t\t\t\t<li class=\"elementor-icon-list-item\">\n\t\t\t\t\t\t\t\t\t\t\t<span class=\"elementor-icon-list-icon\">\n\t\t\t\t\t\t\t<i aria-hidden=\"true\" class=\"fas fa-dot-circle\"><\/i>\t\t\t\t\t\t<\/span>\n\t\t\t\t\t\t\t\t\t\t<span class=\"elementor-icon-list-text\">Estar al corriente de pago con la Agencia Tributaria y la Seguridad Social<\/span>\n\t\t\t\t\t\t\t\t\t<\/li>\n\t\t\t\t\t\t\t\t<li class=\"elementor-icon-list-item\">\n\t\t\t\t\t\t\t\t\t\t\t<span class=\"elementor-icon-list-icon\">\n\t\t\t\t\t\t\t<i aria-hidden=\"true\" class=\"fas fa-dot-circle\"><\/i>\t\t\t\t\t\t<\/span>\n\t\t\t\t\t\t\t\t\t\t<span class=\"elementor-icon-list-text\">Tener contratados trabajadores en activo<\/span>\n\t\t\t\t\t\t\t\t\t<\/li>\n\t\t\t\t\t\t<\/ul>\n\t\t\t\t\t\t<\/div>\n\t\t\t\t<\/div>\n\t\t\t\t\t<\/div>\n\t\t<\/div>\n\t\t\t\t\t<\/div>\n\t\t<\/section>\n\t\t\t\t<section class=\"elementor-section elementor-top-section elementor-element elementor-element-d34e409 elementor-section-stretched elementor-section-boxed elementor-section-height-default elementor-section-height-default\" data-id=\"d34e409\" data-element_type=\"section\" data-settings=\"{&quot;stretch_section&quot;:&quot;section-stretched&quot;}\">\n\t\t\t\t\t\t<div class=\"elementor-container elementor-column-gap-default\">\n\t\t\t\t\t<div class=\"elementor-column elementor-col-100 elementor-top-column elementor-element elementor-element-725d71c\" data-id=\"725d71c\" data-element_type=\"column\">\n\t\t\t<div class=\"elementor-widget-wrap elementor-element-populated\">\n\t\t\t\t\t\t<div class=\"elementor-element elementor-element-7e07075 elementor-widget elementor-widget-spacer\" data-id=\"7e07075\" data-element_type=\"widget\" data-widget_type=\"spacer.default\">\n\t\t\t\t<div class=\"elementor-widget-container\">\n\t\t\t\t\t\t\t<div class=\"elementor-spacer\">\n\t\t\t<div class=\"elementor-spacer-inner\"><\/div>\n\t\t<\/div>\n\t\t\t\t\t\t<\/div>\n\t\t\t\t<\/div>\n\t\t\t\t<div class=\"elementor-element elementor-element-02b3df4 elementor-widget elementor-widget-heading\" data-id=\"02b3df4\" data-element_type=\"widget\" data-widget_type=\"heading.default\">\n\t\t\t\t<div class=\"elementor-widget-container\">\n\t\t\t\t\t<h2 class=\"elementor-heading-title elementor-size-default\">Como lo gestionamos?<\/h2>\t\t\t\t<\/div>\n\t\t\t\t<\/div>\n\t\t\t\t<div class=\"elementor-element elementor-element-4740fa6 elementor-widget elementor-widget-text-editor\" data-id=\"4740fa6\" data-element_type=\"widget\" data-widget_type=\"text-editor.default\">\n\t\t\t\t<div class=\"elementor-widget-container\">\n\t\t\t\t\t\t\t\t\t<p data-start=\"46\" data-end=\"443\">Toda empresa que cotice por sus trabajadores al R\u00e9gimen General de la Seguridad Social dispone de una cuota para financiar la formaci\u00f3n de sus empleados. As\u00ed, por ejemplo, las empresas de entre 1 y 5 trabajadores disponen de 420,00 \u20ac anuales para formaci\u00f3n, cantidad que aumenta en funci\u00f3n del n\u00famero de trabajadores y de los importes cotizados a la Seguridad Social durante el ejercicio anterior.<\/p><p data-start=\"445\" data-end=\"659\">La ventaja de este sistema, regulado por el Real Decreto 395\/2007 de 23 de marzo de 2007, es facilitar a las empresas el desarrollo de programas de formaci\u00f3n a medida de sus necesidades y totalmente personalizados.<\/p><p data-start=\"661\" data-end=\"791\" data-is-last-node=\"\" data-is-only-node=\"\">Los trabajadores por cuenta propia dados de alta en el R\u00e9gimen General de la Seguridad Social tambi\u00e9n pueden beneficiarse de ello.<\/p>\t\t\t\t\t\t\t\t<\/div>\n\t\t\t\t<\/div>\n\t\t\t\t\t<\/div>\n\t\t<\/div>\n\t\t\t\t\t<\/div>\n\t\t<\/section>\n\t\t\t\t<section class=\"elementor-section elementor-top-section elementor-element elementor-element-11d3007 elementor-section-stretched elementor-section-boxed elementor-section-height-default elementor-section-height-default\" data-id=\"11d3007\" data-element_type=\"section\" data-settings=\"{&quot;stretch_section&quot;:&quot;section-stretched&quot;}\">\n\t\t\t\t\t\t<div class=\"elementor-container elementor-column-gap-default\">\n\t\t\t\t\t<div class=\"elementor-column elementor-col-100 elementor-top-column elementor-element elementor-element-458ab10\" data-id=\"458ab10\" data-element_type=\"column\">\n\t\t\t<div class=\"elementor-widget-wrap elementor-element-populated\">\n\t\t\t\t\t\t<div class=\"elementor-element elementor-element-d78a9b0 elementor-widget elementor-widget-spacer\" data-id=\"d78a9b0\" data-element_type=\"widget\" data-widget_type=\"spacer.default\">\n\t\t\t\t<div class=\"elementor-widget-container\">\n\t\t\t\t\t\t\t<div class=\"elementor-spacer\">\n\t\t\t<div class=\"elementor-spacer-inner\"><\/div>\n\t\t<\/div>\n\t\t\t\t\t\t<\/div>\n\t\t\t\t<\/div>\n\t\t\t\t<div class=\"elementor-element elementor-element-d22f788 elementor-widget elementor-widget-heading\" data-id=\"d22f788\" data-element_type=\"widget\" data-widget_type=\"heading.default\">\n\t\t\t\t<div class=\"elementor-widget-container\">\n\t\t\t\t\t<h2 class=\"elementor-heading-title elementor-size-default\">Cual es el funcionamiento?<\/h2>\t\t\t\t<\/div>\n\t\t\t\t<\/div>\n\t\t\t\t<div class=\"elementor-element elementor-element-f64b4de elementor-widget elementor-widget-text-editor\" data-id=\"f64b4de\" data-element_type=\"widget\" data-widget_type=\"text-editor.default\">\n\t\t\t\t<div class=\"elementor-widget-container\">\n\t\t\t\t\t\t\t\t\t<p data-start=\"96\" data-end=\"409\">La empresa debe abonar el importe de la factura con el coste pactado con <strong data-start=\"169\" data-end=\"184\">NOVACAD\u00c8MIA<\/strong> por su formaci\u00f3n, que posteriormente podr\u00e1 ser bonificado total o parcialmente de los pagos a la Seguridad Social del mes siguiente a la finalizaci\u00f3n de la acci\u00f3n formativa, siempre antes de la finalizaci\u00f3n del a\u00f1o en curso.<\/p><p data-start=\"411\" data-end=\"669\" data-is-last-node=\"\" data-is-only-node=\"\">Es muy importante que la empresa que realiza vuestra formaci\u00f3n conozca los procedimientos y la normativa que marca la Fundaci\u00f3n Tripartita para la correcta gesti\u00f3n de la bonificaci\u00f3n, evitando as\u00ed posibles incidencias para el cliente que recibe la formaci\u00f3n.<\/p>\t\t\t\t\t\t\t\t<\/div>\n\t\t\t\t<\/div>\n\t\t\t\t\t<\/div>\n\t\t<\/div>\n\t\t\t\t\t<\/div>\n\t\t<\/section>\n\t\t\t\t<section class=\"elementor-section elementor-top-section elementor-element elementor-element-c88ebb1 elementor-section-stretched elementor-section-boxed elementor-section-height-default elementor-section-height-default\" data-id=\"c88ebb1\" data-element_type=\"section\" data-settings=\"{&quot;stretch_section&quot;:&quot;section-stretched&quot;}\">\n\t\t\t\t\t\t<div class=\"elementor-container elementor-column-gap-default\">\n\t\t\t\t\t<div class=\"elementor-column elementor-col-100 elementor-top-column elementor-element elementor-element-cbfccb2\" data-id=\"cbfccb2\" data-element_type=\"column\">\n\t\t\t<div class=\"elementor-widget-wrap elementor-element-populated\">\n\t\t\t\t\t\t<div class=\"elementor-element elementor-element-a7d8e34 elementor-widget elementor-widget-spacer\" data-id=\"a7d8e34\" data-element_type=\"widget\" data-widget_type=\"spacer.default\">\n\t\t\t\t<div class=\"elementor-widget-container\">\n\t\t\t\t\t\t\t<div class=\"elementor-spacer\">\n\t\t\t<div class=\"elementor-spacer-inner\"><\/div>\n\t\t<\/div>\n\t\t\t\t\t\t<\/div>\n\t\t\t\t<\/div>\n\t\t\t\t<div class=\"elementor-element elementor-element-145ec2f elementor-widget elementor-widget-heading\" data-id=\"145ec2f\" data-element_type=\"widget\" data-widget_type=\"heading.default\">\n\t\t\t\t<div class=\"elementor-widget-container\">\n\t\t\t\t\t<h2 class=\"elementor-heading-title elementor-size-default\">Documentaci\u00f3n<\/h2>\t\t\t\t<\/div>\n\t\t\t\t<\/div>\n\t\t\t\t<div class=\"elementor-element elementor-element-7814719 elementor-widget elementor-widget-text-editor\" data-id=\"7814719\" data-element_type=\"widget\" data-widget_type=\"text-editor.default\">\n\t\t\t\t<div class=\"elementor-widget-container\">\n\t\t\t\t\t\t\t\t\t<p data-start=\"97\" data-end=\"236\"><strong data-start=\"97\" data-end=\"112\">NOVACAD\u00c8MIA<\/strong> se encarga de gestionar toda la documentaci\u00f3n del curso, un aspecto clave y ciertamente complejo en los cursos bonificados.<\/p><p data-start=\"238\" data-end=\"510\" data-is-last-node=\"\" data-is-only-node=\"\">Desde la comunicaci\u00f3n de la acci\u00f3n formativa, hasta los controles de asistencia, los certificados del curso, las encuestas de calidad y la comunicaci\u00f3n de cierre, todos los pasos a seguir son obligatorios y deben gestionarse dentro del plazo y en la forma correspondiente.<\/p>\t\t\t\t\t\t\t\t<\/div>\n\t\t\t\t<\/div>\n\t\t\t\t<div class=\"elementor-element elementor-element-ef04490 elementor-widget elementor-widget-spacer\" data-id=\"ef04490\" data-element_type=\"widget\" data-widget_type=\"spacer.default\">\n\t\t\t\t<div class=\"elementor-widget-container\">\n\t\t\t\t\t\t\t<div class=\"elementor-spacer\">\n\t\t\t<div class=\"elementor-spacer-inner\"><\/div>\n\t\t<\/div>\n\t\t\t\t\t\t<\/div>\n\t\t\t\t<\/div>\n\t\t\t\t\t<\/div>\n\t\t<\/div>\n\t\t\t\t\t<\/div>\n\t\t<\/section>\n\t\t\t\t<section class=\"elementor-section elementor-top-section elementor-element elementor-element-29a25e3 elementor-section-stretched elementor-section-boxed elementor-section-height-default elementor-section-height-default\" data-id=\"29a25e3\" data-element_type=\"section\" data-settings=\"{&quot;stretch_section&quot;:&quot;section-stretched&quot;}\">\n\t\t\t\t\t\t<div class=\"elementor-container elementor-column-gap-default\">\n\t\t\t\t\t<div class=\"elementor-column elementor-col-100 elementor-top-column elementor-element elementor-element-d6dbfbd\" data-id=\"d6dbfbd\" data-element_type=\"column\">\n\t\t\t<div class=\"elementor-widget-wrap elementor-element-populated\">\n\t\t\t\t\t\t<div class=\"elementor-element elementor-element-b06d6e9 elementor-widget elementor-widget-image\" data-id=\"b06d6e9\" data-element_type=\"widget\" data-widget_type=\"image.default\">\n\t\t\t\t<div class=\"elementor-widget-container\">\n\t\t\t\t\t\t\t\t\t\t\t\t\t\t\t<img fetchpriority=\"high\" decoding=\"async\" width=\"640\" height=\"428\" src=\"https:\/\/novacademia.com\/wp-content\/uploads\/2020\/08\/pexels-christina-morillo-1181622-scaled-1024x684.jpg\" class=\"attachment-large size-large wp-image-21414\" alt=\"\" srcset=\"https:\/\/novacademia.com\/wp-content\/uploads\/2020\/08\/pexels-christina-morillo-1181622-scaled-1024x684.jpg 1024w, https:\/\/novacademia.com\/wp-content\/uploads\/2020\/08\/pexels-christina-morillo-1181622-scaled-300x200.jpg 300w, https:\/\/novacademia.com\/wp-content\/uploads\/2020\/08\/pexels-christina-morillo-1181622-768x513.jpg 768w, https:\/\/novacademia.com\/wp-content\/uploads\/2020\/08\/pexels-christina-morillo-1181622-scaled-1536x1025.jpg 1536w, https:\/\/novacademia.com\/wp-content\/uploads\/2020\/08\/pexels-christina-morillo-1181622-scaled-2048x1367.jpg 2048w, https:\/\/novacademia.com\/wp-content\/uploads\/2020\/08\/pexels-christina-morillo-1181622-scaled-600x401.jpg 600w\" sizes=\"(max-width: 640px) 100vw, 640px\" \/>\t\t\t\t\t\t\t\t\t\t\t\t\t\t\t<\/div>\n\t\t\t\t<\/div>\n\t\t\t\t\t<\/div>\n\t\t<\/div>\n\t\t\t\t\t<\/div>\n\t\t<\/section>\n\t\t\t\t<\/div>\n\t\t","protected":false},"excerpt":{"rendered":"<p>Beneficios de la formaci\u00f3n bonificada para empresas La formaci\u00f3n bonificada es aquella que las empresas pueden compensar a trav\u00e9s de las cotizaciones mensuales a la Seguridad Social. Los fondos que financian este sistema provienen de la recaudaci\u00f3n de la cuota &hellip; <\/p>\n","protected":false},"author":1,"featured_media":0,"parent":0,"menu_order":0,"comment_status":"closed","ping_status":"closed","template":"","meta":{"_joinchat":[],"footnotes":""},"class_list":["post-21413","page","type-page","status-publish","hentry"],"_links":{"self":[{"href":"https:\/\/novacademia.com\/es\/wp-json\/wp\/v2\/pages\/21413","targetHints":{"allow":["GET"]}}],"collection":[{"href":"https:\/\/novacademia.com\/es\/wp-json\/wp\/v2\/pages"}],"about":[{"href":"https:\/\/novacademia.com\/es\/wp-json\/wp\/v2\/types\/page"}],"author":[{"embeddable":true,"href":"https:\/\/novacademia.com\/es\/wp-json\/wp\/v2\/users\/1"}],"replies":[{"embeddable":true,"href":"https:\/\/novacademia.com\/es\/wp-json\/wp\/v2\/comments?post=21413"}],"version-history":[{"count":4,"href":"https:\/\/novacademia.com\/es\/wp-json\/wp\/v2\/pages\/21413\/revisions"}],"predecessor-version":[{"id":21675,"href":"https:\/\/novacademia.com\/es\/wp-json\/wp\/v2\/pages\/21413\/revisions\/21675"}],"wp:attachment":[{"href":"https:\/\/novacademia.com\/es\/wp-json\/wp\/v2\/media?parent=21413"}],"curies":[{"name":"wp","href":"https:\/\/api.w.org\/{rel}","templated":true}]}}