{"id":21407,"date":"2023-09-09T09:42:37","date_gmt":"2023-09-09T07:42:37","guid":{"rendered":"https:\/\/novacademia.com\/cursos-dangles\/"},"modified":"2025-12-15T09:58:55","modified_gmt":"2025-12-15T08:58:55","slug":"cursos-dangles","status":"publish","type":"page","link":"https:\/\/novacademia.com\/es\/cursos-dangles\/","title":{"rendered":"CURSOS DE INGL\u00c9S"},"content":{"rendered":"\t\t<div data-elementor-type=\"wp-page\" data-elementor-id=\"21407\" class=\"elementor elementor-21407 elementor-14245\" data-elementor-post-type=\"page\">\n\t\t\t\t\t\t<section class=\"elementor-section elementor-top-section elementor-element elementor-element-48a2fe8 elementor-section-stretched elementor-section-boxed elementor-section-height-default elementor-section-height-default\" data-id=\"48a2fe8\" data-element_type=\"section\" data-settings=\"{&quot;stretch_section&quot;:&quot;section-stretched&quot;}\">\n\t\t\t\t\t\t<div class=\"elementor-container elementor-column-gap-default\">\n\t\t\t\t\t<div class=\"elementor-column elementor-col-100 elementor-top-column elementor-element elementor-element-3d63956\" data-id=\"3d63956\" data-element_type=\"column\">\n\t\t\t<div class=\"elementor-widget-wrap elementor-element-populated\">\n\t\t\t\t\t\t<div class=\"elementor-element elementor-element-0bcf651 elementor-widget elementor-widget-text-editor\" data-id=\"0bcf651\" data-element_type=\"widget\" data-widget_type=\"text-editor.default\">\n\t\t\t\t<div class=\"elementor-widget-container\">\n\t\t\t\t\t\t\t\t\t<p data-start=\"162\" data-end=\"439\">Nuestros cursos se caracterizan por su flexibilidad y adaptabilidad. Por lo tanto, podemos afirmar que existe un curso diferente para cada cliente e incluso existen cursos distintos dentro de una misma empresa en funci\u00f3n de los objetivos a alcanzar y del perfil de los alumnos.<\/p><p data-start=\"441\" data-end=\"520\">Os presentamos a continuaci\u00f3n diferentes modelos de cursos de Business English:<\/p>\t\t\t\t\t\t\t\t<\/div>\n\t\t\t\t<\/div>\n\t\t\t\t\t<\/div>\n\t\t<\/div>\n\t\t\t\t\t<\/div>\n\t\t<\/section>\n\t\t\t\t<section class=\"elementor-section elementor-top-section elementor-element elementor-element-5672a13 elementor-section-stretched elementor-section-boxed elementor-section-height-default elementor-section-height-default\" data-id=\"5672a13\" data-element_type=\"section\" data-settings=\"{&quot;stretch_section&quot;:&quot;section-stretched&quot;}\">\n\t\t\t\t\t\t<div class=\"elementor-container elementor-column-gap-default\">\n\t\t\t\t\t<div class=\"elementor-column elementor-col-50 elementor-top-column elementor-element elementor-element-d92d5a0\" data-id=\"d92d5a0\" data-element_type=\"column\">\n\t\t\t<div class=\"elementor-widget-wrap elementor-element-populated\">\n\t\t\t\t\t\t<div class=\"elementor-element elementor-element-b45e416 iconbox-text-left elementor-widget elementor-widget-thim-icon-box\" data-id=\"b45e416\" data-element_type=\"widget\" data-widget_type=\"thim-icon-box.default\">\n\t\t\t\t<div class=\"elementor-widget-container\">\n\t\t\t\t\t<div class=\"thim-widget-icon-box\"><div class=\"wrapper-box-icon layout_text_number text-left \"><div class=\"smicon-box iconbox-left\"><div class=\"boxes-icon\"><span class=\"inner-icon\"><span class=\"text-number-icon\">1<\/span><\/span><\/div><div class=\"content-inner\"><div class=\"sc-heading\"><h3 class=\"heading__primary\">Management English<\/h3><\/div><div class=\"desc-icon-box\"><div class=\"desc-content\">Son cursos enfocados a directivos y altos cargos. Facilitan un lenguaje ejecutivo, aportando a los alumnos flexibilidad en su vocabulario y adapt\u00e1ndolo a las diferentes situaciones en las que el alumno debe comunicarse en ingl\u00e9s. Los contenidos de los cursos var\u00edan en funci\u00f3n de cada cliente, pero se orientan a reuniones ejecutivas, toma de decisiones, negociaci\u00f3n, viajes, reuniones, protocolo y relaciones p\u00fablicas.\n\n\n<\/div><\/div><\/div><\/div><\/div><\/div>\t\t\t\t<\/div>\n\t\t\t\t<\/div>\n\t\t\t\t\t<\/div>\n\t\t<\/div>\n\t\t\t\t<div class=\"elementor-column elementor-col-50 elementor-top-column elementor-element elementor-element-6d6de33\" data-id=\"6d6de33\" data-element_type=\"column\">\n\t\t\t<div class=\"elementor-widget-wrap elementor-element-populated\">\n\t\t\t\t\t\t<div class=\"elementor-element elementor-element-ba40e08 iconbox-text-left elementor-widget elementor-widget-thim-icon-box\" data-id=\"ba40e08\" data-element_type=\"widget\" data-widget_type=\"thim-icon-box.default\">\n\t\t\t\t<div class=\"elementor-widget-container\">\n\t\t\t\t\t<div class=\"thim-widget-icon-box\"><div class=\"wrapper-box-icon layout_text_number text-left \"><div class=\"smicon-box iconbox-left\"><div class=\"boxes-icon\"><span class=\"inner-icon\"><span class=\"text-number-icon\">2<\/span><\/span><\/div><div class=\"content-inner\"><div class=\"sc-heading\"><h3 class=\"heading__primary\">Commercial English<\/h3><\/div><div class=\"desc-icon-box\"><div class=\"desc-content\">Se trata de acciones formativas enfocadas a los equipos comerciales de la empresa y est\u00e1n orientadas a capacitar a los alumnos con las habilidades comunicativas necesarias a lo largo del proceso de venta. Son acciones formativas que se desarrollan semanalmente con materiales espec\u00edficos de la empresa junto con materiales oficiales de CAMBRIDGE ENGLISH.\n<\/div><\/div><\/div><\/div><\/div><\/div>\t\t\t\t<\/div>\n\t\t\t\t<\/div>\n\t\t\t\t\t<\/div>\n\t\t<\/div>\n\t\t\t\t\t<\/div>\n\t\t<\/section>\n\t\t\t\t<section class=\"elementor-section elementor-top-section elementor-element elementor-element-7bb3d0a elementor-section-stretched elementor-section-boxed elementor-section-height-default elementor-section-height-default\" data-id=\"7bb3d0a\" data-element_type=\"section\" data-settings=\"{&quot;stretch_section&quot;:&quot;section-stretched&quot;}\">\n\t\t\t\t\t\t<div class=\"elementor-container elementor-column-gap-default\">\n\t\t\t\t\t<div class=\"elementor-column elementor-col-50 elementor-top-column elementor-element elementor-element-c4e2929\" data-id=\"c4e2929\" data-element_type=\"column\">\n\t\t\t<div class=\"elementor-widget-wrap elementor-element-populated\">\n\t\t\t\t\t\t<div class=\"elementor-element elementor-element-4bce15e iconbox-text-left elementor-widget elementor-widget-thim-icon-box\" data-id=\"4bce15e\" data-element_type=\"widget\" data-widget_type=\"thim-icon-box.default\">\n\t\t\t\t<div class=\"elementor-widget-container\">\n\t\t\t\t\t<div class=\"thim-widget-icon-box\"><div class=\"wrapper-box-icon layout_text_number text-left \"><div class=\"smicon-box iconbox-left\"><div class=\"boxes-icon\"><span class=\"inner-icon\"><span class=\"text-number-icon\">3<\/span><\/span><\/div><div class=\"content-inner\"><div class=\"sc-heading\"><h3 class=\"heading__primary\">English for Logistics<\/h3><\/div><div class=\"desc-icon-box\"><div class=\"desc-content\">Los profesionales que trabajan en el sector log\u00edstico necesitan actualmente comunicarse tanto de manera oral como escrita en ingl\u00e9s en su d\u00eda a d\u00eda. Por ello, son diversas las formaciones que se llevan a cabo en la actualidad dentro de las empresas para cubrir esta creciente necesidad. Estas acciones formativas incluyen un amplio rango l\u00e9xico, as\u00ed como la comprensi\u00f3n e interpretaci\u00f3n de documentaci\u00f3n t\u00e9cnica y oficial dentro del sector log\u00edstico.<\/div><\/div><\/div><\/div><\/div><\/div>\t\t\t\t<\/div>\n\t\t\t\t<\/div>\n\t\t\t\t\t<\/div>\n\t\t<\/div>\n\t\t\t\t<div class=\"elementor-column elementor-col-50 elementor-top-column elementor-element elementor-element-82ff441\" data-id=\"82ff441\" data-element_type=\"column\">\n\t\t\t<div class=\"elementor-widget-wrap elementor-element-populated\">\n\t\t\t\t\t\t<div class=\"elementor-element elementor-element-286183c iconbox-text-left elementor-widget elementor-widget-thim-icon-box\" data-id=\"286183c\" data-element_type=\"widget\" data-widget_type=\"thim-icon-box.default\">\n\t\t\t\t<div class=\"elementor-widget-container\">\n\t\t\t\t\t<div class=\"thim-widget-icon-box\"><div class=\"wrapper-box-icon layout_text_number text-left \"><div class=\"smicon-box iconbox-left\"><div class=\"boxes-icon\"><span class=\"inner-icon\"><span class=\"text-number-icon\">4<\/span><\/span><\/div><div class=\"content-inner\"><div class=\"sc-heading\"><h3 class=\"heading__primary\">Atenci\u00f3 al Client<\/h3><\/div><div class=\"desc-icon-box\"><div class=\"desc-content\">A menudo nos encontramos con profesionales que responden al tel\u00e9fono o atienden a los clientes en un primer contacto, y lo hacen con dificultades y sin ofrecer un servicio correcto, causando una primera impresi\u00f3n negativa. Los cursos de atenci\u00f3n al cliente aportan a los profesionales el vocabulario y las expresiones necesarias para atender en primera instancia al cliente, poder comunicarlo con la persona adecuada, entender qu\u00e9 necesita o darle la asistencia m\u00e1s adecuada.<\/div><\/div><\/div><\/div><\/div><\/div>\t\t\t\t<\/div>\n\t\t\t\t<\/div>\n\t\t\t\t\t<\/div>\n\t\t<\/div>\n\t\t\t\t\t<\/div>\n\t\t<\/section>\n\t\t\t\t<section class=\"elementor-section elementor-top-section elementor-element elementor-element-80a27b9 elementor-section-stretched elementor-section-boxed elementor-section-height-default elementor-section-height-default\" data-id=\"80a27b9\" data-element_type=\"section\" data-settings=\"{&quot;stretch_section&quot;:&quot;section-stretched&quot;}\">\n\t\t\t\t\t\t<div class=\"elementor-container elementor-column-gap-default\">\n\t\t\t\t\t<div class=\"elementor-column elementor-col-50 elementor-top-column elementor-element elementor-element-1535a9e\" data-id=\"1535a9e\" data-element_type=\"column\">\n\t\t\t<div class=\"elementor-widget-wrap elementor-element-populated\">\n\t\t\t\t\t\t<div class=\"elementor-element elementor-element-ee7b3ef iconbox-text-left elementor-widget elementor-widget-thim-icon-box\" data-id=\"ee7b3ef\" data-element_type=\"widget\" data-widget_type=\"thim-icon-box.default\">\n\t\t\t\t<div class=\"elementor-widget-container\">\n\t\t\t\t\t<div class=\"thim-widget-icon-box\"><div class=\"wrapper-box-icon layout_text_number text-left \"><div class=\"smicon-box iconbox-left\"><div class=\"boxes-icon\"><span class=\"inner-icon\"><span class=\"text-number-icon\">5<\/span><\/span><\/div><div class=\"content-inner\"><div class=\"sc-heading\"><h3 class=\"heading__primary\">IT English<\/h3><\/div><div class=\"desc-icon-box\"><div class=\"desc-content\">El ingl\u00e9s en el sector de la tecnolog\u00eda est\u00e1 en creciente demanda y son numerosos los alumnos que semanalmente practican con nosotros situaciones reales para aprender a dar una respuesta efectiva a sus clientes y usuarios. Aunque el vocabulario se utiliza con normalidad y frecuencia, en muchas ocasiones lo que falla es la capacidad de expresarse: construir frases, hacer preguntas y dar explicaciones sobre c\u00f3mo resolver los problemas.<\/div><\/div><\/div><\/div><\/div><\/div>\t\t\t\t<\/div>\n\t\t\t\t<\/div>\n\t\t\t\t\t<\/div>\n\t\t<\/div>\n\t\t\t\t<div class=\"elementor-column elementor-col-50 elementor-top-column elementor-element elementor-element-b9291e8\" data-id=\"b9291e8\" data-element_type=\"column\">\n\t\t\t<div class=\"elementor-widget-wrap elementor-element-populated\">\n\t\t\t\t\t\t<div class=\"elementor-element elementor-element-efcb477 iconbox-text-left elementor-widget elementor-widget-thim-icon-box\" data-id=\"efcb477\" data-element_type=\"widget\" data-widget_type=\"thim-icon-box.default\">\n\t\t\t\t<div class=\"elementor-widget-container\">\n\t\t\t\t\t<div class=\"thim-widget-icon-box\"><div class=\"wrapper-box-icon layout_text_number text-left \"><div class=\"smicon-box iconbox-left\"><div class=\"boxes-icon\"><span class=\"inner-icon\"><span class=\"text-number-icon\">6<\/span><\/span><\/div><div class=\"content-inner\"><div class=\"sc-heading\"><h3 class=\"heading__primary\">Angl\u00e8s Administratiu<\/h3><\/div><div class=\"desc-icon-box\"><div class=\"desc-content\">Sin duda es un tipo de ingl\u00e9s necesario en pr\u00e1cticamente todas las empresas. Incluye contenidos relacionados con facturaci\u00f3n, documentaci\u00f3n, incidencias, impuestos, pedidos, abonos, etc. Tambi\u00e9n puede incluir contenidos comerciales para profesionales con perfil de administrativo comercial y soporte a la venta y posventa.\n\nAdem\u00e1s de estos ejemplos, ofrecemos cursos de Business English para la industria, el sector farmac\u00e9utico, ingenier\u00eda, marketing, etc.\n<\/div><\/div><\/div><\/div><\/div><\/div>\t\t\t\t<\/div>\n\t\t\t\t<\/div>\n\t\t\t\t\t<\/div>\n\t\t<\/div>\n\t\t\t\t\t<\/div>\n\t\t<\/section>\n\t\t\t\t<section class=\"elementor-section elementor-top-section elementor-element elementor-element-7682808 elementor-section-stretched elementor-section-boxed elementor-section-height-default elementor-section-height-default\" data-id=\"7682808\" data-element_type=\"section\" data-settings=\"{&quot;stretch_section&quot;:&quot;section-stretched&quot;}\">\n\t\t\t\t\t\t<div class=\"elementor-container elementor-column-gap-default\">\n\t\t\t\t\t<div class=\"elementor-column elementor-col-100 elementor-top-column elementor-element elementor-element-dfbbd0e\" data-id=\"dfbbd0e\" data-element_type=\"column\">\n\t\t\t<div class=\"elementor-widget-wrap elementor-element-populated\">\n\t\t\t\t\t\t<div class=\"elementor-element elementor-element-f48d340 elementor-widget elementor-widget-spacer\" data-id=\"f48d340\" data-element_type=\"widget\" data-widget_type=\"spacer.default\">\n\t\t\t\t<div class=\"elementor-widget-container\">\n\t\t\t\t\t\t\t<div class=\"elementor-spacer\">\n\t\t\t<div class=\"elementor-spacer-inner\"><\/div>\n\t\t<\/div>\n\t\t\t\t\t\t<\/div>\n\t\t\t\t<\/div>\n\t\t\t\t<div class=\"elementor-element elementor-element-3f4cd72 elementor-widget elementor-widget-text-editor\" data-id=\"3f4cd72\" data-element_type=\"widget\" data-widget_type=\"text-editor.default\">\n\t\t\t\t<div class=\"elementor-widget-container\">\n\t\t\t\t\t\t\t\t\t<p>Solicita informaci\u00f3n sobre lo que necesites a trav\u00e9s del tel\u00e9fono <a href=\"tel:696409172\"><span style=\"text-decoration: underline;\"><strong>696409172<\/strong><\/span><\/a> o escribiendo un mail a <a href=\"mailto:natalia.balaguer@novacademia.com\"><strong><span style=\"text-decoration: underline;\">natalia.balaguer@novacademia.com<\/span><\/strong><\/a>.<\/p>\t\t\t\t\t\t\t\t<\/div>\n\t\t\t\t<\/div>\n\t\t\t\t\t<\/div>\n\t\t<\/div>\n\t\t\t\t\t<\/div>\n\t\t<\/section>\n\t\t\t\t<\/div>\n\t\t","protected":false},"excerpt":{"rendered":"<p>Nuestros cursos se caracterizan por su flexibilidad y adaptabilidad. Por lo tanto, podemos afirmar que existe un curso diferente para cada cliente e incluso existen cursos distintos dentro de una misma empresa en funci\u00f3n de los objetivos a alcanzar y &hellip; <\/p>\n","protected":false},"author":1,"featured_media":0,"parent":0,"menu_order":0,"comment_status":"closed","ping_status":"closed","template":"","meta":{"_joinchat":[],"footnotes":""},"class_list":["post-21407","page","type-page","status-publish","hentry"],"_links":{"self":[{"href":"https:\/\/novacademia.com\/es\/wp-json\/wp\/v2\/pages\/21407","targetHints":{"allow":["GET"]}}],"collection":[{"href":"https:\/\/novacademia.com\/es\/wp-json\/wp\/v2\/pages"}],"about":[{"href":"https:\/\/novacademia.com\/es\/wp-json\/wp\/v2\/types\/page"}],"author":[{"embeddable":true,"href":"https:\/\/novacademia.com\/es\/wp-json\/wp\/v2\/users\/1"}],"replies":[{"embeddable":true,"href":"https:\/\/novacademia.com\/es\/wp-json\/wp\/v2\/comments?post=21407"}],"version-history":[{"count":4,"href":"https:\/\/novacademia.com\/es\/wp-json\/wp\/v2\/pages\/21407\/revisions"}],"predecessor-version":[{"id":21674,"href":"https:\/\/novacademia.com\/es\/wp-json\/wp\/v2\/pages\/21407\/revisions\/21674"}],"wp:attachment":[{"href":"https:\/\/novacademia.com\/es\/wp-json\/wp\/v2\/media?parent=21407"}],"curies":[{"name":"wp","href":"https:\/\/api.w.org\/{rel}","templated":true}]}}