{"id":21391,"date":"2019-07-12T17:45:10","date_gmt":"2019-07-12T15:45:10","guid":{"rendered":"https:\/\/novacademia.com\/de-professional-a-professional\/"},"modified":"2026-01-15T09:32:59","modified_gmt":"2026-01-15T08:32:59","slug":"de-professional-a-professional","status":"publish","type":"page","link":"https:\/\/novacademia.com\/es\/de-professional-a-professional\/","title":{"rendered":"DE PROFESIONAL A PROFESIONAL"},"content":{"rendered":"\t\t<div data-elementor-type=\"wp-page\" data-elementor-id=\"21391\" class=\"elementor elementor-21391 elementor-9187\" data-elementor-post-type=\"page\">\n\t\t\t\t\t\t<section class=\"elementor-section elementor-top-section elementor-element elementor-element-bfd00d7 elementor-section-stretched elementor-section-boxed elementor-section-height-default elementor-section-height-default\" data-id=\"bfd00d7\" data-element_type=\"section\" data-settings=\"{&quot;stretch_section&quot;:&quot;section-stretched&quot;}\">\n\t\t\t\t\t\t<div class=\"elementor-container elementor-column-gap-default\">\n\t\t\t\t\t<div class=\"elementor-column elementor-col-100 elementor-top-column elementor-element elementor-element-a9b7095\" data-id=\"a9b7095\" data-element_type=\"column\">\n\t\t\t<div class=\"elementor-widget-wrap elementor-element-populated\">\n\t\t\t\t\t\t<div class=\"elementor-element elementor-element-f4d18dc elementor-widget elementor-widget-text-editor\" data-id=\"f4d18dc\" data-element_type=\"widget\" data-widget_type=\"text-editor.default\">\n\t\t\t\t<div class=\"elementor-widget-container\">\n\t\t\t\t\t\t\t\t\t<p><strong>NOVACAD\u00c8MIA CORPORATE \u00ae<\/strong> es la divisi\u00f3n especializada en Servicios de Formaci\u00f3n Profesional dentro de <strong>NOVACAD\u00c8MIA<\/strong> Serveis Formatius SL. Trabajamos en diversos \u00e1mbitos de formaci\u00f3n transversal y ofrecemos un servicio altamente personalizado, adaptando nuestros programas formativos a las necesidades, expectativas y entorno de cada uno de nuestros clientes.<\/p>\t\t\t\t\t\t\t\t<\/div>\n\t\t\t\t<\/div>\n\t\t\t\t\t<\/div>\n\t\t<\/div>\n\t\t\t\t\t<\/div>\n\t\t<\/section>\n\t\t\t\t<section class=\"elementor-section elementor-top-section elementor-element elementor-element-275dc28 elementor-section-content-middle elementor-section-stretched elementor-section-boxed elementor-section-height-default elementor-section-height-default\" data-id=\"275dc28\" data-element_type=\"section\" data-settings=\"{&quot;stretch_section&quot;:&quot;section-stretched&quot;}\">\n\t\t\t\t\t\t<div class=\"elementor-container elementor-column-gap-default\">\n\t\t\t\t\t<div class=\"elementor-column elementor-col-66 elementor-top-column elementor-element elementor-element-1926672\" data-id=\"1926672\" data-element_type=\"column\">\n\t\t\t<div class=\"elementor-widget-wrap elementor-element-populated\">\n\t\t\t\t\t\t<div class=\"elementor-element elementor-element-30cd504 elementor-widget elementor-widget-text-editor\" data-id=\"30cd504\" data-element_type=\"widget\" data-widget_type=\"text-editor.default\">\n\t\t\t\t<div class=\"elementor-widget-container\">\n\t\t\t\t\t\t\t\t\t<div class=\"flex flex-col text-sm pb-25\"><article class=\"text-token-text-primary w-full focus:outline-none [--shadow-height:45px] has-data-writing-block:pointer-events-none has-data-writing-block:-mt-(--shadow-height) has-data-writing-block:pt-(--shadow-height) [&amp;:has([data-writing-block])&gt;*]:pointer-events-auto scroll-mt-[calc(var(--header-height)+min(200px,max(70px,20svh)))]\" dir=\"auto\" tabindex=\"-1\" data-turn-id=\"request-69662b68-6b98-832c-85ab-7d5e02449ca9-5\" data-testid=\"conversation-turn-28\" data-scroll-anchor=\"true\" data-turn=\"assistant\"><div class=\"text-base my-auto mx-auto pb-10 [--thread-content-margin:--spacing(4)] @w-sm\/main:[--thread-content-margin:--spacing(6)] @w-lg\/main:[--thread-content-margin:--spacing(16)] px-(--thread-content-margin)\"><div class=\"[--thread-content-max-width:40rem] @w-lg\/main:[--thread-content-max-width:48rem] mx-auto max-w-(--thread-content-max-width) flex-1 group\/turn-messages focus-visible:outline-hidden relative flex w-full min-w-0 flex-col agent-turn\" tabindex=\"-1\"><div class=\"flex max-w-full flex-col grow\"><div class=\"min-h-8 text-message relative flex w-full flex-col items-end gap-2 text-start break-words whitespace-normal [.text-message+&amp;]:mt-1\" dir=\"auto\" data-message-author-role=\"assistant\" data-message-id=\"e1908ddc-96b9-4eef-a3d4-90c61895949b\" data-message-model-slug=\"gpt-5-2\"><div class=\"flex w-full flex-col gap-1 empty:hidden first:pt-[1px]\"><div class=\"markdown prose dark:prose-invert w-full break-words light markdown-new-styling\"><p data-start=\"0\" data-end=\"502\" data-is-last-node=\"\" data-is-only-node=\"\">Por ello nos centramos en una formaci\u00f3n de calidad como herramienta clave en el desarrollo de los recursos humanos dentro de las empresas, y creemos firmemente en potenciar las habilidades y competencias de las personas como elemento central para la mejora global. La motivaci\u00f3n, el est\u00edmulo y la m\u00e1xima eficiencia de los recursos humanos permiten al mismo tiempo el crecimiento, garantizando los resultados y la estabilidad que las empresas necesitan para alcanzar sus objetivos a corto y medio plazo.<\/p><\/div><\/div><\/div><\/div><\/div><\/div><\/article><\/div>\t\t\t\t\t\t\t\t<\/div>\n\t\t\t\t<\/div>\n\t\t\t\t\t<\/div>\n\t\t<\/div>\n\t\t\t\t<div class=\"elementor-column elementor-col-33 elementor-top-column elementor-element elementor-element-13109cf\" data-id=\"13109cf\" data-element_type=\"column\">\n\t\t\t<div class=\"elementor-widget-wrap elementor-element-populated\">\n\t\t\t\t\t\t<div class=\"elementor-element elementor-element-2b8ecb3 elementor-widget elementor-widget-image\" data-id=\"2b8ecb3\" data-element_type=\"widget\" data-widget_type=\"image.default\">\n\t\t\t\t<div class=\"elementor-widget-container\">\n\t\t\t\t\t\t\t\t\t\t\t\t\t\t\t<img fetchpriority=\"high\" decoding=\"async\" width=\"300\" height=\"200\" src=\"https:\/\/novacademia.com\/wp-content\/uploads\/2020\/08\/pexels-jeshootscom-530024-scaled-300x200.jpg\" class=\"attachment-medium size-medium wp-image-21394\" alt=\"\" srcset=\"https:\/\/novacademia.com\/wp-content\/uploads\/2020\/08\/pexels-jeshootscom-530024-scaled-300x200.jpg 300w, https:\/\/novacademia.com\/wp-content\/uploads\/2020\/08\/pexels-jeshootscom-530024-scaled-1024x683.jpg 1024w, https:\/\/novacademia.com\/wp-content\/uploads\/2020\/08\/pexels-jeshootscom-530024-768x512.jpg 768w, https:\/\/novacademia.com\/wp-content\/uploads\/2020\/08\/pexels-jeshootscom-530024-scaled-1536x1024.jpg 1536w, https:\/\/novacademia.com\/wp-content\/uploads\/2020\/08\/pexels-jeshootscom-530024-scaled-2048x1366.jpg 2048w, https:\/\/novacademia.com\/wp-content\/uploads\/2020\/08\/pexels-jeshootscom-530024-scaled-600x400.jpg 600w\" sizes=\"(max-width: 300px) 100vw, 300px\" \/>\t\t\t\t\t\t\t\t\t\t\t\t\t\t\t<\/div>\n\t\t\t\t<\/div>\n\t\t\t\t\t<\/div>\n\t\t<\/div>\n\t\t\t\t\t<\/div>\n\t\t<\/section>\n\t\t\t\t<section class=\"elementor-section elementor-top-section elementor-element elementor-element-f56fc18 elementor-section-stretched elementor-section-boxed elementor-section-height-default elementor-section-height-default\" data-id=\"f56fc18\" data-element_type=\"section\" data-settings=\"{&quot;stretch_section&quot;:&quot;section-stretched&quot;}\">\n\t\t\t\t\t\t<div class=\"elementor-container elementor-column-gap-default\">\n\t\t\t\t\t<div class=\"elementor-column elementor-col-100 elementor-top-column elementor-element elementor-element-d4869c4\" data-id=\"d4869c4\" data-element_type=\"column\">\n\t\t\t<div class=\"elementor-widget-wrap elementor-element-populated\">\n\t\t\t\t\t\t<div class=\"elementor-element elementor-element-35d9322 elementor-widget elementor-widget-text-editor\" data-id=\"35d9322\" data-element_type=\"widget\" data-widget_type=\"text-editor.default\">\n\t\t\t\t<div class=\"elementor-widget-container\">\n\t\t\t\t\t\t\t\t\t<p data-start=\"0\" data-end=\"350\">La calidad de los recursos humanos y su motivaci\u00f3n dentro de una empresa tambi\u00e9n son esenciales para consolidar y fidelizar una cartera de clientes s\u00f3lida y rentable. Nuestros programas de formaci\u00f3n cubren diferentes \u00e1reas educativas, y todos ellos pueden ser subvencionados mediante los cr\u00e9ditos de formaci\u00f3n gestionados por la Fundaci\u00f3n Tripartita.<\/p><p data-start=\"352\" data-end=\"624\" data-is-last-node=\"\" data-is-only-node=\"\">Novacad\u00e8mia ha trabajado con diversas empresas a lo largo de los \u00faltimos once a\u00f1os. Si su empresa necesita una formaci\u00f3n en lengua inglesa realmente eficiente y adaptada a sus necesidades, no dude en contactar con nosotros a trav\u00e9s de cualquiera de los siguientes canales:<\/p>\t\t\t\t\t\t\t\t<\/div>\n\t\t\t\t<\/div>\n\t\t\t\t<div class=\"elementor-element elementor-element-002c9c9 elementor-widget elementor-widget-spacer\" data-id=\"002c9c9\" data-element_type=\"widget\" data-widget_type=\"spacer.default\">\n\t\t\t\t<div class=\"elementor-widget-container\">\n\t\t\t\t\t\t\t<div class=\"elementor-spacer\">\n\t\t\t<div class=\"elementor-spacer-inner\"><\/div>\n\t\t<\/div>\n\t\t\t\t\t\t<\/div>\n\t\t\t\t<\/div>\n\t\t\t\t\t<\/div>\n\t\t<\/div>\n\t\t\t\t\t<\/div>\n\t\t<\/section>\n\t\t\t\t<section class=\"elementor-section elementor-top-section elementor-element elementor-element-099bb39 elementor-section-stretched elementor-section-boxed elementor-section-height-default elementor-section-height-default\" data-id=\"099bb39\" data-element_type=\"section\" data-settings=\"{&quot;stretch_section&quot;:&quot;section-stretched&quot;}\">\n\t\t\t\t\t\t<div class=\"elementor-container elementor-column-gap-default\">\n\t\t\t\t\t<div class=\"elementor-column elementor-col-50 elementor-top-column elementor-element elementor-element-c621d17\" data-id=\"c621d17\" data-element_type=\"column\">\n\t\t\t<div class=\"elementor-widget-wrap elementor-element-populated\">\n\t\t\t\t\t\t<div class=\"elementor-element elementor-element-a4e4c67 elementor-icon-list--layout-traditional elementor-list-item-link-full_width elementor-widget elementor-widget-icon-list\" data-id=\"a4e4c67\" data-element_type=\"widget\" data-widget_type=\"icon-list.default\">\n\t\t\t\t<div class=\"elementor-widget-container\">\n\t\t\t\t\t\t\t<ul class=\"elementor-icon-list-items\">\n\t\t\t\t\t\t\t<li class=\"elementor-icon-list-item\">\n\t\t\t\t\t\t\t\t\t\t\t<span class=\"elementor-icon-list-icon\">\n\t\t\t\t\t\t\t<i aria-hidden=\"true\" class=\"far fa-envelope\"><\/i>\t\t\t\t\t\t<\/span>\n\t\t\t\t\t\t\t\t\t\t<span class=\"elementor-icon-list-text\">natalia.balaguer@novacademia.com<\/span>\n\t\t\t\t\t\t\t\t\t<\/li>\n\t\t\t\t\t\t\t\t<li class=\"elementor-icon-list-item\">\n\t\t\t\t\t\t\t\t\t\t\t<span class=\"elementor-icon-list-icon\">\n\t\t\t\t\t\t\t<i aria-hidden=\"true\" class=\"fab fa-whatsapp\"><\/i>\t\t\t\t\t\t<\/span>\n\t\t\t\t\t\t\t\t\t\t<span class=\"elementor-icon-list-text\">+34 696 409 172<\/span>\n\t\t\t\t\t\t\t\t\t<\/li>\n\t\t\t\t\t\t<\/ul>\n\t\t\t\t\t\t<\/div>\n\t\t\t\t<\/div>\n\t\t\t\t\t<\/div>\n\t\t<\/div>\n\t\t\t\t<div class=\"elementor-column elementor-col-50 elementor-top-column elementor-element elementor-element-fa5e8c9\" data-id=\"fa5e8c9\" data-element_type=\"column\">\n\t\t\t<div class=\"elementor-widget-wrap elementor-element-populated\">\n\t\t\t\t\t\t<div class=\"elementor-element elementor-element-074371f elementor-widget elementor-widget-testimonial\" data-id=\"074371f\" data-element_type=\"widget\" data-widget_type=\"testimonial.default\">\n\t\t\t\t<div class=\"elementor-widget-container\">\n\t\t\t\t\t\t\t<div class=\"elementor-testimonial-wrapper\">\n\t\t\t\n\t\t\t\t\t\t<div class=\"elementor-testimonial-meta elementor-has-image elementor-testimonial-image-position-aside\">\n\t\t\t\t<div class=\"elementor-testimonial-meta-inner\">\n\t\t\t\t\t\t\t\t\t\t\t<div class=\"elementor-testimonial-image\">\n\t\t\t\t\t\t\t<img decoding=\"async\" width=\"134\" height=\"134\" src=\"https:\/\/novacademia.com\/wp-content\/uploads\/2019\/07\/foto-natalia.jpg\" class=\"attachment-full size-full wp-image-9894\" alt=\"\" srcset=\"https:\/\/novacademia.com\/wp-content\/uploads\/2019\/07\/foto-natalia.jpg 134w, https:\/\/novacademia.com\/wp-content\/uploads\/2019\/07\/foto-natalia-100x100.jpg 100w\" sizes=\"(max-width: 134px) 100vw, 134px\" \/>\t\t\t\t\t\t<\/div>\n\t\t\t\t\t\n\t\t\t\t\t\t\t\t\t\t<div class=\"elementor-testimonial-details\">\n\t\t\t\t\t\t\t\t\t\t\t\t\t\t<div class=\"elementor-testimonial-name\">Nat\u00e0lia Balaguer<\/div>\n\t\t\t\t\t\t\t\t\t\t\t\t\t\t\t\t\t\t\t\t\t\t<div class=\"elementor-testimonial-job\">Directora de NOVACAD\u00c8MIA<br>Proficiency in English by The Michigan University (USA)<br>M\u00e0ster en Direcci\u00f3 Comercial<br><a href=\"https:\/\/www.linkedin.com\/in\/nat%C3%A0lia-balaguer-llosa-10527221\/\">https:\/\/www.linkedin.com\/in\/nat%C3%A0lia-balaguer-llosa-10527221\/<\/a><\/div>\n\t\t\t\t\t\t\t\t\t\t\t\t\t<\/div>\n\t\t\t\t\t\t\t\t\t<\/div>\n\t\t\t<\/div>\n\t\t\t\t\t<\/div>\n\t\t\t\t\t\t<\/div>\n\t\t\t\t<\/div>\n\t\t\t\t\t<\/div>\n\t\t<\/div>\n\t\t\t\t\t<\/div>\n\t\t<\/section>\n\t\t\t\t<\/div>\n\t\t","protected":false},"excerpt":{"rendered":"<p>NOVACAD\u00c8MIA CORPORATE \u00ae es la divisi\u00f3n especializada en Servicios de Formaci\u00f3n Profesional dentro de NOVACAD\u00c8MIA Serveis Formatius SL. Trabajamos en diversos \u00e1mbitos de formaci\u00f3n transversal y ofrecemos un servicio altamente personalizado, adaptando nuestros programas formativos a las necesidades, expectativas y &hellip; <\/p>\n","protected":false},"author":1,"featured_media":0,"parent":0,"menu_order":0,"comment_status":"closed","ping_status":"closed","template":"","meta":{"_joinchat":[],"footnotes":""},"class_list":["post-21391","page","type-page","status-publish","hentry"],"_links":{"self":[{"href":"https:\/\/novacademia.com\/es\/wp-json\/wp\/v2\/pages\/21391","targetHints":{"allow":["GET"]}}],"collection":[{"href":"https:\/\/novacademia.com\/es\/wp-json\/wp\/v2\/pages"}],"about":[{"href":"https:\/\/novacademia.com\/es\/wp-json\/wp\/v2\/types\/page"}],"author":[{"embeddable":true,"href":"https:\/\/novacademia.com\/es\/wp-json\/wp\/v2\/users\/1"}],"replies":[{"embeddable":true,"href":"https:\/\/novacademia.com\/es\/wp-json\/wp\/v2\/comments?post=21391"}],"version-history":[{"count":15,"href":"https:\/\/novacademia.com\/es\/wp-json\/wp\/v2\/pages\/21391\/revisions"}],"predecessor-version":[{"id":21984,"href":"https:\/\/novacademia.com\/es\/wp-json\/wp\/v2\/pages\/21391\/revisions\/21984"}],"wp:attachment":[{"href":"https:\/\/novacademia.com\/es\/wp-json\/wp\/v2\/media?parent=21391"}],"curies":[{"name":"wp","href":"https:\/\/api.w.org\/{rel}","templated":true}]}}