{"id":21350,"date":"2023-09-16T08:26:13","date_gmt":"2023-09-16T06:26:13","guid":{"rendered":"https:\/\/novacademia.com\/angles-particulars\/proves-de-nivell\/"},"modified":"2025-12-15T09:47:52","modified_gmt":"2025-12-15T08:47:52","slug":"proves-de-nivell","status":"publish","type":"page","link":"https:\/\/novacademia.com\/es\/angles-particulars\/proves-de-nivell\/","title":{"rendered":"PRUEBAS DE NIVEL"},"content":{"rendered":"\t\t<div data-elementor-type=\"wp-post\" data-elementor-id=\"21350\" class=\"elementor elementor-21350 elementor-14553\" data-elementor-post-type=\"page\">\n\t\t\t\t\t\t<section class=\"elementor-section elementor-top-section elementor-element elementor-element-0a88430 elementor-section-boxed elementor-section-height-default elementor-section-height-default\" data-id=\"0a88430\" data-element_type=\"section\">\n\t\t\t\t\t\t<div class=\"elementor-container elementor-column-gap-default\">\n\t\t\t\t\t<div class=\"elementor-column elementor-col-100 elementor-top-column elementor-element elementor-element-89ec823\" data-id=\"89ec823\" data-element_type=\"column\">\n\t\t\t<div class=\"elementor-widget-wrap elementor-element-populated\">\n\t\t\t\t\t\t<div class=\"elementor-element elementor-element-82dfd5f elementor-widget elementor-widget-text-editor\" data-id=\"82dfd5f\" data-element_type=\"widget\" data-widget_type=\"text-editor.default\">\n\t\t\t\t<div class=\"elementor-widget-container\">\n\t\t\t\t\t\t\t\t\t<p data-start=\"47\" data-end=\"520\">Antes de empezar cualquier curso o presentarte a cualquier examen, es imprescindible realizar una prueba de nivel. A continuaci\u00f3n encontrar\u00e1s dos tipos diferentes de pruebas de nivel. Las pruebas denominadas BASIC son pruebas oficiales basadas espec\u00edficamente en gram\u00e1tica y\/o comprensi\u00f3n lectora. Son pruebas que te ofrecemos de manera gratuita y que, una vez las recibimos, las corregimos y nos ponemos en contacto contigo para darte el resultado y nuestra recomendaci\u00f3n.<\/p><p data-start=\"522\" data-end=\"857\">Las pruebas denominadas PRO son completas e incluyen un ejercicio de cada competencia, es decir, un ejercicio de gram\u00e1tica o Use of English, uno de comprensi\u00f3n lectora, uno de comprensi\u00f3n oral y uno de producci\u00f3n oral. Estas pruebas tienen un coste realmente reducido y permiten obtener una visi\u00f3n de 360\u00ba de tu nivel actual de ingl\u00e9s.<\/p><p data-start=\"859\" data-end=\"1080\">Adem\u00e1s, si te inscribes en cualquiera de nuestros cursos, obtienes un 50% de descuento en el importe de tu matr\u00edcula, siempre que la prueba la hayas realizado dentro de los 2 meses anteriores a la inscripci\u00f3n en el curso.<\/p><p data-start=\"1082\" data-end=\"1240\">A continuaci\u00f3n encontrar\u00e1s un cuadro de niveles, tanto para ni\u00f1os como para adolescentes y adultos, que puede ayudarte a escoger la prueba BASIC m\u00e1s adecuada.<\/p>\t\t\t\t\t\t\t\t<\/div>\n\t\t\t\t<\/div>\n\t\t\t\t<div class=\"elementor-element elementor-element-e8fce50 elementor-widget elementor-widget-image\" data-id=\"e8fce50\" data-element_type=\"widget\" data-widget_type=\"image.default\">\n\t\t\t\t<div class=\"elementor-widget-container\">\n\t\t\t\t\t\t\t\t\t\t\t\t\t\t\t<img fetchpriority=\"high\" decoding=\"async\" width=\"1080\" height=\"1080\" src=\"https:\/\/novacademia.com\/wp-content\/uploads\/2024\/02\/image_123650291.jpg\" class=\"attachment-full size-full wp-image-21352\" alt=\"\" srcset=\"https:\/\/novacademia.com\/wp-content\/uploads\/2024\/02\/image_123650291.jpg 1080w, https:\/\/novacademia.com\/wp-content\/uploads\/2024\/02\/image_123650291-300x300.jpg 300w, https:\/\/novacademia.com\/wp-content\/uploads\/2024\/02\/image_123650291-1024x1024.jpg 1024w, https:\/\/novacademia.com\/wp-content\/uploads\/2024\/02\/image_123650291-150x150.jpg 150w, https:\/\/novacademia.com\/wp-content\/uploads\/2024\/02\/image_123650291-768x768.jpg 768w, https:\/\/novacademia.com\/wp-content\/uploads\/2024\/02\/image_123650291-600x600.jpg 600w, https:\/\/novacademia.com\/wp-content\/uploads\/2024\/02\/image_123650291-100x100.jpg 100w\" sizes=\"(max-width: 1080px) 100vw, 1080px\" \/>\t\t\t\t\t\t\t\t\t\t\t\t\t\t\t<\/div>\n\t\t\t\t<\/div>\n\t\t\t\t\t<\/div>\n\t\t<\/div>\n\t\t\t\t\t<\/div>\n\t\t<\/section>\n\t\t\t\t<\/div>\n\t\t","protected":false},"excerpt":{"rendered":"<p>Antes de empezar cualquier curso o presentarte a cualquier examen, es imprescindible realizar una prueba de nivel. A continuaci\u00f3n encontrar\u00e1s dos tipos diferentes de pruebas de nivel. Las pruebas denominadas BASIC son pruebas oficiales basadas espec\u00edficamente en gram\u00e1tica y\/o comprensi\u00f3n &hellip; <\/p>\n","protected":false},"author":1,"featured_media":0,"parent":21251,"menu_order":0,"comment_status":"closed","ping_status":"closed","template":"","meta":{"_joinchat":[],"footnotes":""},"class_list":["post-21350","page","type-page","status-publish","hentry"],"_links":{"self":[{"href":"https:\/\/novacademia.com\/es\/wp-json\/wp\/v2\/pages\/21350","targetHints":{"allow":["GET"]}}],"collection":[{"href":"https:\/\/novacademia.com\/es\/wp-json\/wp\/v2\/pages"}],"about":[{"href":"https:\/\/novacademia.com\/es\/wp-json\/wp\/v2\/types\/page"}],"author":[{"embeddable":true,"href":"https:\/\/novacademia.com\/es\/wp-json\/wp\/v2\/users\/1"}],"replies":[{"embeddable":true,"href":"https:\/\/novacademia.com\/es\/wp-json\/wp\/v2\/comments?post=21350"}],"version-history":[{"count":4,"href":"https:\/\/novacademia.com\/es\/wp-json\/wp\/v2\/pages\/21350\/revisions"}],"predecessor-version":[{"id":21667,"href":"https:\/\/novacademia.com\/es\/wp-json\/wp\/v2\/pages\/21350\/revisions\/21667"}],"up":[{"embeddable":true,"href":"https:\/\/novacademia.com\/es\/wp-json\/wp\/v2\/pages\/21251"}],"wp:attachment":[{"href":"https:\/\/novacademia.com\/es\/wp-json\/wp\/v2\/media?parent=21350"}],"curies":[{"name":"wp","href":"https:\/\/api.w.org\/{rel}","templated":true}]}}