{"id":21306,"date":"2023-09-09T10:20:09","date_gmt":"2023-09-09T08:20:09","guid":{"rendered":"https:\/\/novacademia.com\/angles-particulars\/metode-internacional\/"},"modified":"2025-12-15T09:49:20","modified_gmt":"2025-12-15T08:49:20","slug":"metodo-internacional","status":"publish","type":"page","link":"https:\/\/novacademia.com\/es\/angles-particulars\/metodo-internacional\/","title":{"rendered":"M\u00c9TODO INTERNACIONAL"},"content":{"rendered":"\t\t<div data-elementor-type=\"wp-post\" data-elementor-id=\"21306\" class=\"elementor elementor-21306 elementor-14277\" data-elementor-post-type=\"page\">\n\t\t\t\t\t\t<section class=\"elementor-section elementor-top-section elementor-element elementor-element-d5add1a elementor-section-boxed elementor-section-height-default elementor-section-height-default\" data-id=\"d5add1a\" data-element_type=\"section\">\n\t\t\t\t\t\t<div class=\"elementor-container elementor-column-gap-default\">\n\t\t\t\t\t<div class=\"elementor-column elementor-col-100 elementor-top-column elementor-element elementor-element-d797f44\" data-id=\"d797f44\" data-element_type=\"column\">\n\t\t\t<div class=\"elementor-widget-wrap elementor-element-populated\">\n\t\t\t\t\t\t<div class=\"elementor-element elementor-element-37ce86c elementor-widget elementor-widget-heading\" data-id=\"37ce86c\" data-element_type=\"widget\" data-widget_type=\"heading.default\">\n\t\t\t\t<div class=\"elementor-widget-container\">\n\t\t\t\t\t<h2 class=\"elementor-heading-title elementor-size-default\">LA IMPORTANCIA DE UN M\u00c9TODO RECONOCIDO INTERNACIONALMENTE<\/h2>\t\t\t\t<\/div>\n\t\t\t\t<\/div>\n\t\t\t\t<div class=\"elementor-element elementor-element-78af79c elementor-widget elementor-widget-spacer\" data-id=\"78af79c\" data-element_type=\"widget\" data-widget_type=\"spacer.default\">\n\t\t\t\t<div class=\"elementor-widget-container\">\n\t\t\t\t\t\t\t<div class=\"elementor-spacer\">\n\t\t\t<div class=\"elementor-spacer-inner\"><\/div>\n\t\t<\/div>\n\t\t\t\t\t\t<\/div>\n\t\t\t\t<\/div>\n\t\t\t\t\t<\/div>\n\t\t<\/div>\n\t\t\t\t\t<\/div>\n\t\t<\/section>\n\t\t\t\t<section class=\"elementor-section elementor-top-section elementor-element elementor-element-da0d8ce elementor-section-content-middle elementor-section-boxed elementor-section-height-default elementor-section-height-default\" data-id=\"da0d8ce\" data-element_type=\"section\">\n\t\t\t\t\t\t<div class=\"elementor-container elementor-column-gap-default\">\n\t\t\t\t\t<div class=\"elementor-column elementor-col-100 elementor-top-column elementor-element elementor-element-222e4be\" data-id=\"222e4be\" data-element_type=\"column\">\n\t\t\t<div class=\"elementor-widget-wrap elementor-element-populated\">\n\t\t\t\t\t\t<div class=\"elementor-element elementor-element-881fea1 elementor-widget elementor-widget-text-editor\" data-id=\"881fea1\" data-element_type=\"widget\" data-widget_type=\"text-editor.default\">\n\t\t\t\t<div class=\"elementor-widget-container\">\n\t\t\t\t\t\t\t\t\t<p data-start=\"47\" data-end=\"474\">El aprendizaje de la lengua inglesa no es un proyecto a corto plazo, sino que requiere constancia para consolidar una buena base que nos permita avanzar de manera s\u00f3lida y eficiente. Actualmente, existen muchos m\u00e9todos para aprender ingl\u00e9s, pero son muy pocos los que muestran resultados objetivos y obtienen el reconocimiento internacional por parte de numerosas entidades p\u00fablicas y privadas, gobiernos y otras instituciones.<\/p><p data-start=\"476\" data-end=\"852\">Por lo tanto, alcanzar un nivel de ingl\u00e9s certificable en el futuro solo se consigue mediante un aprendizaje que siga unos criterios globales, establecidos por expertos y que garantice un dominio homog\u00e9neo del idioma en todas sus competencias. Adem\u00e1s, un m\u00e9todo de calidad debe cumplir con los requisitos establecidos por el Marco Com\u00fan Europeo de Referencia para las Lenguas.<\/p><p data-start=\"854\" data-end=\"1578\">El Marco Com\u00fan Europeo de Referencia para las Lenguas (MCER) es el est\u00e1ndar internacional que define la competencia ling\u00fc\u00edstica. Se utiliza en todo el mundo para describir las destrezas ling\u00fc\u00edsticas de los estudiantes en una escala de niveles de ingl\u00e9s que va desde un A1, nivel b\u00e1sico, hasta un C2, para aquellos que dominan el ingl\u00e9s de manera excepcional. Esto hace que los ex\u00e1menes CAMBRIDGE ENGLISH sean f\u00e1ciles de comprender para cualquier persona involucrada en la ense\u00f1anza y evaluaci\u00f3n del idioma, tanto docentes como estudiantes. Tambi\u00e9n ayuda a que las instituciones educativas y las empresas puedan comparar f\u00e1cilmente estas titulaciones y pruebas de ingl\u00e9s oficiales con otros tipos de ex\u00e1menes de nuestro pa\u00eds.<\/p><p data-start=\"1580\" data-end=\"1728\">A continuaci\u00f3n, te mostramos el diagrama que presenta todos los niveles que ofrecemos dentro del Marco Com\u00fan Europeo de Referencia para las Lenguas:<\/p>\t\t\t\t\t\t\t\t<\/div>\n\t\t\t\t<\/div>\n\t\t\t\t\t<\/div>\n\t\t<\/div>\n\t\t\t\t\t<\/div>\n\t\t<\/section>\n\t\t\t\t<section class=\"elementor-section elementor-top-section elementor-element elementor-element-aa28982 elementor-section-boxed elementor-section-height-default elementor-section-height-default\" data-id=\"aa28982\" data-element_type=\"section\">\n\t\t\t\t\t\t<div class=\"elementor-container elementor-column-gap-default\">\n\t\t\t\t\t<div class=\"elementor-column elementor-col-100 elementor-top-column elementor-element elementor-element-720646f\" data-id=\"720646f\" data-element_type=\"column\">\n\t\t\t<div class=\"elementor-widget-wrap elementor-element-populated\">\n\t\t\t\t\t\t<div class=\"elementor-element elementor-element-4e3bc4c elementor-widget elementor-widget-image\" data-id=\"4e3bc4c\" data-element_type=\"widget\" data-widget_type=\"image.default\">\n\t\t\t\t<div class=\"elementor-widget-container\">\n\t\t\t\t\t\t\t\t\t\t\t\t\t\t\t<img fetchpriority=\"high\" decoding=\"async\" width=\"1098\" height=\"1035\" src=\"https:\/\/novacademia.com\/wp-content\/uploads\/2023\/09\/CEFR-Design_28.07.20.jpg\" class=\"attachment-full size-full wp-image-21309\" alt=\"\" srcset=\"https:\/\/novacademia.com\/wp-content\/uploads\/2023\/09\/CEFR-Design_28.07.20.jpg 1098w, https:\/\/novacademia.com\/wp-content\/uploads\/2023\/09\/CEFR-Design_28.07.20-300x283.jpg 300w, https:\/\/novacademia.com\/wp-content\/uploads\/2023\/09\/CEFR-Design_28.07.20-1024x965.jpg 1024w, https:\/\/novacademia.com\/wp-content\/uploads\/2023\/09\/CEFR-Design_28.07.20-768x724.jpg 768w, https:\/\/novacademia.com\/wp-content\/uploads\/2023\/09\/CEFR-Design_28.07.20-600x566.jpg 600w\" sizes=\"(max-width: 1098px) 100vw, 1098px\" \/>\t\t\t\t\t\t\t\t\t\t\t\t\t\t\t<\/div>\n\t\t\t\t<\/div>\n\t\t\t\t\t<\/div>\n\t\t<\/div>\n\t\t\t\t\t<\/div>\n\t\t<\/section>\n\t\t\t\t<\/div>\n\t\t","protected":false},"excerpt":{"rendered":"<p>LA IMPORTANCIA DE UN M\u00c9TODO RECONOCIDO INTERNACIONALMENTE El aprendizaje de la lengua inglesa no es un proyecto a corto plazo, sino que requiere constancia para consolidar una buena base que nos permita avanzar de manera s\u00f3lida y eficiente. Actualmente, existen &hellip; <\/p>\n","protected":false},"author":1,"featured_media":0,"parent":21251,"menu_order":0,"comment_status":"closed","ping_status":"closed","template":"","meta":{"_joinchat":[],"footnotes":""},"class_list":["post-21306","page","type-page","status-publish","hentry"],"_links":{"self":[{"href":"https:\/\/novacademia.com\/es\/wp-json\/wp\/v2\/pages\/21306","targetHints":{"allow":["GET"]}}],"collection":[{"href":"https:\/\/novacademia.com\/es\/wp-json\/wp\/v2\/pages"}],"about":[{"href":"https:\/\/novacademia.com\/es\/wp-json\/wp\/v2\/types\/page"}],"author":[{"embeddable":true,"href":"https:\/\/novacademia.com\/es\/wp-json\/wp\/v2\/users\/1"}],"replies":[{"embeddable":true,"href":"https:\/\/novacademia.com\/es\/wp-json\/wp\/v2\/comments?post=21306"}],"version-history":[{"count":5,"href":"https:\/\/novacademia.com\/es\/wp-json\/wp\/v2\/pages\/21306\/revisions"}],"predecessor-version":[{"id":21521,"href":"https:\/\/novacademia.com\/es\/wp-json\/wp\/v2\/pages\/21306\/revisions\/21521"}],"up":[{"embeddable":true,"href":"https:\/\/novacademia.com\/es\/wp-json\/wp\/v2\/pages\/21251"}],"wp:attachment":[{"href":"https:\/\/novacademia.com\/es\/wp-json\/wp\/v2\/media?parent=21306"}],"curies":[{"name":"wp","href":"https:\/\/api.w.org\/{rel}","templated":true}]}}