{"id":19342,"date":"2023-10-02T10:25:25","date_gmt":"2023-10-02T08:25:25","guid":{"rendered":"https:\/\/novacademia.com\/?page_id=19342"},"modified":"2025-04-24T13:00:04","modified_gmt":"2025-04-24T11:00:04","slug":"ingles-online","status":"publish","type":"page","link":"https:\/\/novacademia.com\/es\/ingles-online\/","title":{"rendered":"Ingl\u00e9s Online"},"content":{"rendered":"\t\t<div data-elementor-type=\"wp-page\" data-elementor-id=\"19342\" class=\"elementor elementor-19342 elementor-15258\" data-elementor-post-type=\"page\">\n\t\t\t\t\t\t<section class=\"elementor-section elementor-top-section elementor-element elementor-element-5a2c209 elementor-section-stretched elementor-section-boxed elementor-section-height-default elementor-section-height-default\" data-id=\"5a2c209\" data-element_type=\"section\" data-settings=\"{&quot;stretch_section&quot;:&quot;section-stretched&quot;}\">\n\t\t\t\t\t\t<div class=\"elementor-container elementor-column-gap-default\">\n\t\t\t\t\t<div class=\"elementor-column elementor-col-100 elementor-top-column elementor-element elementor-element-7aa6b0b\" data-id=\"7aa6b0b\" data-element_type=\"column\">\n\t\t\t<div class=\"elementor-widget-wrap elementor-element-populated\">\n\t\t\t\t\t\t<div class=\"elementor-element elementor-element-89f34ed elementor-widget elementor-widget-text-editor\" data-id=\"89f34ed\" data-element_type=\"widget\" data-widget_type=\"text-editor.default\">\n\t\t\t\t<div class=\"elementor-widget-container\">\n\t\t\t\t\t\t\t\t\t<h2>\u00a1Los nuevos cursos online be@learning\u00ae estar\u00e1n disponibles a partir de Enero de 2025!<\/h2><h3>Ll\u00e1manos, inf\u00f3rmate y consigue la matricula gratis<\/h3>\t\t\t\t\t\t\t\t<\/div>\n\t\t\t\t<\/div>\n\t\t\t\t<div class=\"elementor-element elementor-element-22dd357 elementor-widget__width-initial elementor-widget elementor-widget-text-editor\" data-id=\"22dd357\" data-element_type=\"widget\" data-widget_type=\"text-editor.default\">\n\t\t\t\t<div class=\"elementor-widget-container\">\n\t\t\t\t\t\t\t\t\t<p>\u00a1Bienvenido al futuro del aprendizaje del ingl\u00e9s!<\/p><p>Estamos emocionados de presentarte nuestros nuevos cursos de ingl\u00e9s online, dise\u00f1ados para ofrecerte una experiencia de aprendizaje excepcional y conveniente desde la comodidad de tu propio hogar. En Novacademia, creemos que aprender ingl\u00e9s no solo es una habilidad inestimable, sino tambi\u00e9n una puerta abierta a un mundo de oportunidades y crecimiento personal.<\/p><p><b>\u00bfPor qu\u00e9 elegir nuestros cursos?<\/b><\/p><ul><li>Flexibilidad: Nuestros cursos se adaptan a tu agenda. <span style=\"font-weight: 400;\">Puedes aprender a tu propio ritmo, en cualquier momento y desde cualquier sitio.<\/span><\/li><li>Profesores expertos: Contamos con un equipo de profesores altamente cualificados y apasionados por la ense\u00f1anza del ingl\u00e9s.<\/li><li><span style=\"color: var( --e-global-color-text ); font-family: var(--thim-font-body-font-family); font-size: var(--thim-font-body-font-size); font-weight: var(--thim-font-body-variant);\">M\u00e9todos innovadores:\u00a0<\/span><span style=\"font-weight: 400;\">Utilizamos tecnolog\u00eda de vanguardia y enfoques pedag\u00f3gicos modernos para que el aprendizaje sea efectivo y divertido.<\/span><\/li><li><span style=\"color: var( --e-global-color-text ); font-family: var(--thim-font-body-font-family); font-size: var(--thim-font-body-font-size); font-weight: var(--thim-font-body-variant);\">Contenido relevante: <\/span><span style=\"font-weight: 400;\">Nuestros cursos se centran en las habilidades pr\u00e1cticas que necesitas para tener \u00e9xito en el mundo real, desde la comunicaci\u00f3n cotidiana al ingl\u00e9s empresarial.<\/span><\/li><li><span style=\"color: var( --e-global-color-text ); font-family: var(--thim-font-body-font-family); font-size: var(--thim-font-body-font-size); font-weight: var(--thim-font-body-variant);\">Soporte constante: <\/span><span style=\"font-weight: 400;\">Estamos aqu\u00ed para ayudarte en cada paso del camino. Desde el primer d\u00eda hasta que consigas tus metas, te apoyamos.<\/span><\/li><\/ul><p><span style=\"font-weight: 400;\">No importa si eres un principiante absoluto o un hablante avanzado que desea perfeccionar sus habilidades, tenemos un curso para ti. Adem\u00e1s, ofrecemos una variedad de recursos gratuitos, webinars y eventos especiales para enriquecer a\u00fan m\u00e1s tu experiencia de aprendizaje.<\/span><\/p><p><span style=\"font-weight: 400;\">\u00bfPreparado para empezar tu viaje hacia la fluidez en ingl\u00e9s? Reg\u00edstrate ahora para recibir informaci\u00f3n detallada sobre nuestros cursos, fechas de inicio y ofertas exclusivas de lanzamiento. No pierdas la oportunidad de invertir en tu futuro y abrir nuevas puertas de posibilidades.<\/span><\/p><p><span style=\"font-weight: 400;\">Aprende ingl\u00e9s con Novacademia y prep\u00e1rate para un mundo lleno de oportunidades ilimitadas.<\/span><\/p><p><span style=\"font-weight: 400;\">\u00a1\u00danete a nosotros hoy mismo y empieza a hablar ingl\u00e9s con confianza!<\/span><\/p>\t\t\t\t\t\t\t\t<\/div>\n\t\t\t\t<\/div>\n\t\t\t\t<div class=\"elementor-element elementor-element-d42c67a elementor-widget elementor-widget-spacer\" data-id=\"d42c67a\" data-element_type=\"widget\" data-widget_type=\"spacer.default\">\n\t\t\t\t<div class=\"elementor-widget-container\">\n\t\t\t\t\t\t\t<div class=\"elementor-spacer\">\n\t\t\t<div class=\"elementor-spacer-inner\"><\/div>\n\t\t<\/div>\n\t\t\t\t\t\t<\/div>\n\t\t\t\t<\/div>\n\t\t\t\t\t<\/div>\n\t\t<\/div>\n\t\t\t\t\t<\/div>\n\t\t<\/section>\n\t\t\t\t<\/div>\n\t\t","protected":false},"excerpt":{"rendered":"<p>\u00a1Los nuevos cursos online be@learning\u00ae estar\u00e1n disponibles a partir de Enero de 2025! Ll\u00e1manos, inf\u00f3rmate y consigue la matricula gratis \u00a1Bienvenido al futuro del aprendizaje del ingl\u00e9s! Estamos emocionados de presentarte nuestros nuevos cursos de ingl\u00e9s online, dise\u00f1ados para ofrecerte &hellip; <\/p>\n","protected":false},"author":7,"featured_media":0,"parent":0,"menu_order":0,"comment_status":"closed","ping_status":"closed","template":"","meta":{"_joinchat":[],"footnotes":""},"class_list":["post-19342","page","type-page","status-publish","hentry"],"_links":{"self":[{"href":"https:\/\/novacademia.com\/es\/wp-json\/wp\/v2\/pages\/19342","targetHints":{"allow":["GET"]}}],"collection":[{"href":"https:\/\/novacademia.com\/es\/wp-json\/wp\/v2\/pages"}],"about":[{"href":"https:\/\/novacademia.com\/es\/wp-json\/wp\/v2\/types\/page"}],"author":[{"embeddable":true,"href":"https:\/\/novacademia.com\/es\/wp-json\/wp\/v2\/users\/7"}],"replies":[{"embeddable":true,"href":"https:\/\/novacademia.com\/es\/wp-json\/wp\/v2\/comments?post=19342"}],"version-history":[{"count":8,"href":"https:\/\/novacademia.com\/es\/wp-json\/wp\/v2\/pages\/19342\/revisions"}],"predecessor-version":[{"id":19354,"href":"https:\/\/novacademia.com\/es\/wp-json\/wp\/v2\/pages\/19342\/revisions\/19354"}],"wp:attachment":[{"href":"https:\/\/novacademia.com\/es\/wp-json\/wp\/v2\/media?parent=19342"}],"curies":[{"name":"wp","href":"https:\/\/api.w.org\/{rel}","templated":true}]}}