{"id":20835,"date":"2025-07-31T18:17:37","date_gmt":"2025-07-31T16:17:37","guid":{"rendered":"https:\/\/novacademia.com\/?post_type=product&#038;p=20835"},"modified":"2026-01-27T11:26:00","modified_gmt":"2026-01-27T10:26:00","slug":"matricula-familiar-curs-2025-2026","status":"publish","type":"product","link":"https:\/\/novacademia.com\/en\/producto\/matricula-familiar-curs-2025-2026\/","title":{"rendered":"Matr\u00edcula Familiar Curs 2025-2026"},"content":{"rendered":"","protected":false},"excerpt":{"rendered":"<p>Matr\u00edcula Familiar Curs 25-26. Pagament \u00fanic<\/p>\n<p>V\u00e0lida per a 2 membres de la mateixa familia<\/p>\n","protected":false},"featured_media":20836,"template":"","meta":{"_joinchat":[]},"product_brand":[],"product_cat":[247,239],"product_tag":[],"class_list":{"0":"post-20835","1":"product","2":"type-product","3":"status-publish","4":"has-post-thumbnail","6":"product_cat-cursosbarcelona2526","7":"product_cat-cursos-dangles-barcelona-2025-2026","9":"first","10":"instock","11":"shipping-taxable","12":"purchasable","13":"product-type-simple"},"_links":{"self":[{"href":"https:\/\/novacademia.com\/en\/wp-json\/wp\/v2\/product\/20835","targetHints":{"allow":["GET"]}}],"collection":[{"href":"https:\/\/novacademia.com\/en\/wp-json\/wp\/v2\/product"}],"about":[{"href":"https:\/\/novacademia.com\/en\/wp-json\/wp\/v2\/types\/product"}],"wp:featuredmedia":[{"embeddable":true,"href":"https:\/\/novacademia.com\/en\/wp-json\/wp\/v2\/media\/20836"}],"wp:attachment":[{"href":"https:\/\/novacademia.com\/en\/wp-json\/wp\/v2\/media?parent=20835"}],"wp:term":[{"taxonomy":"product_brand","embeddable":true,"href":"https:\/\/novacademia.com\/en\/wp-json\/wp\/v2\/product_brand?post=20835"},{"taxonomy":"product_cat","embeddable":true,"href":"https:\/\/novacademia.com\/en\/wp-json\/wp\/v2\/product_cat?post=20835"},{"taxonomy":"product_tag","embeddable":true,"href":"https:\/\/novacademia.com\/en\/wp-json\/wp\/v2\/product_tag?post=20835"}],"curies":[{"name":"wp","href":"https:\/\/api.w.org\/{rel}","templated":true}]}}