{"id":21236,"date":"2024-07-03T13:28:09","date_gmt":"2024-07-03T11:28:09","guid":{"rendered":"https:\/\/novacademia.com\/angles-extraescolar-novacademia-escola-mare-de-deu-de-coll\/"},"modified":"2024-07-03T13:28:09","modified_gmt":"2024-07-03T11:28:09","slug":"angles-extraescolar-novacademia-escola-mare-de-deu-de-coll","status":"publish","type":"page","link":"https:\/\/novacademia.com\/en\/angles-extraescolar-novacademia-escola-mare-de-deu-de-coll\/","title":{"rendered":"Angl\u00e8s Extraescolar Novacad\u00e8mia Escola Mare de D\u00e9u de Coll"},"content":{"rendered":"\t\t<div data-elementor-type=\"wp-page\" data-elementor-id=\"21236\" class=\"elementor elementor-21236 elementor-16417\" data-elementor-post-type=\"page\">\n\t\t\t\t\t\t<section class=\"elementor-section elementor-top-section elementor-element elementor-element-e5a3d96 elementor-section-boxed elementor-section-height-default elementor-section-height-default\" data-id=\"e5a3d96\" data-element_type=\"section\">\n\t\t\t\t\t\t<div class=\"elementor-container elementor-column-gap-default\">\n\t\t\t\t\t<div class=\"elementor-column elementor-col-100 elementor-top-column elementor-element elementor-element-597e5d8\" data-id=\"597e5d8\" data-element_type=\"column\">\n\t\t\t<div class=\"elementor-widget-wrap elementor-element-populated\">\n\t\t\t\t\t\t<div class=\"elementor-element elementor-element-5cc24df elementor-widget__width-initial elementor-widget elementor-widget-image\" data-id=\"5cc24df\" data-element_type=\"widget\" data-widget_type=\"image.default\">\n\t\t\t\t<div class=\"elementor-widget-container\">\n\t\t\t\t\t\t\t\t\t\t\t\t\t\t\t<img fetchpriority=\"high\" decoding=\"async\" width=\"640\" height=\"178\" src=\"https:\/\/novacademia.com\/wp-content\/uploads\/2024\/07\/Screenshot-2024-07-03-at-12.29.43-1024x284.png\" class=\"attachment-large size-large wp-image-18906\" alt=\"\" srcset=\"https:\/\/novacademia.com\/wp-content\/uploads\/2024\/07\/Screenshot-2024-07-03-at-12.29.43-1024x284.png 1024w, https:\/\/novacademia.com\/wp-content\/uploads\/2024\/07\/Screenshot-2024-07-03-at-12.29.43-300x83.png 300w, https:\/\/novacademia.com\/wp-content\/uploads\/2024\/07\/Screenshot-2024-07-03-at-12.29.43-768x213.png 768w, https:\/\/novacademia.com\/wp-content\/uploads\/2024\/07\/Screenshot-2024-07-03-at-12.29.43-1536x426.png 1536w, https:\/\/novacademia.com\/wp-content\/uploads\/2024\/07\/Screenshot-2024-07-03-at-12.29.43-600x166.png 600w, https:\/\/novacademia.com\/wp-content\/uploads\/2024\/07\/Screenshot-2024-07-03-at-12.29.43.png 1896w\" sizes=\"(max-width: 640px) 100vw, 640px\" \/>\t\t\t\t\t\t\t\t\t\t\t\t\t\t\t<\/div>\n\t\t\t\t<\/div>\n\t\t\t\t<div class=\"elementor-element elementor-element-6034de8 elementor-widget elementor-widget-shortcode\" data-id=\"6034de8\" data-element_type=\"widget\" data-widget_type=\"shortcode.default\">\n\t\t\t\t<div class=\"elementor-widget-container\">\n\t\t\t\t\t\t\t<div class=\"elementor-shortcode\"><\/div>\n\t\t\t\t\t\t<\/div>\n\t\t\t\t<\/div>\n\t\t\t\t\t<\/div>\n\t\t<\/div>\n\t\t\t\t\t<\/div>\n\t\t<\/section>\n\t\t\t\t<\/div>\n\t\t","protected":false},"excerpt":{"rendered":"","protected":false},"author":3,"featured_media":0,"parent":0,"menu_order":0,"comment_status":"closed","ping_status":"closed","template":"","meta":{"_joinchat":[],"footnotes":""},"class_list":["post-21236","page","type-page","status-publish","hentry"],"_links":{"self":[{"href":"https:\/\/novacademia.com\/en\/wp-json\/wp\/v2\/pages\/21236","targetHints":{"allow":["GET"]}}],"collection":[{"href":"https:\/\/novacademia.com\/en\/wp-json\/wp\/v2\/pages"}],"about":[{"href":"https:\/\/novacademia.com\/en\/wp-json\/wp\/v2\/types\/page"}],"author":[{"embeddable":true,"href":"https:\/\/novacademia.com\/en\/wp-json\/wp\/v2\/users\/3"}],"replies":[{"embeddable":true,"href":"https:\/\/novacademia.com\/en\/wp-json\/wp\/v2\/comments?post=21236"}],"version-history":[{"count":0,"href":"https:\/\/novacademia.com\/en\/wp-json\/wp\/v2\/pages\/21236\/revisions"}],"wp:attachment":[{"href":"https:\/\/novacademia.com\/en\/wp-json\/wp\/v2\/media?parent=21236"}],"curies":[{"name":"wp","href":"https:\/\/api.w.org\/{rel}","templated":true}]}}